{"id":88635,"date":"2025-05-15T05:57:29","date_gmt":"2025-05-15T04:57:29","guid":{"rendered":"https:\/\/metacomp.wpenginepowered.com\/homepage\/"},"modified":"2026-02-26T09:48:24","modified_gmt":"2026-02-26T09:48:24","slug":"homepage","status":"publish","type":"page","link":"https:\/\/www.metacompliance.com\/de","title":{"rendered":"Homepage"},"content":{"rendered":"&#13;\n<p>This is an example page. It&#8217;s different from a blog post because it will stay in one place and will show up in your site navigation (in most themes). Most people start with an About page that introduces them to potential site visitors. It might say something like this:   <\/p>&#13;\n&#13;\n<blockquote class=\"wp-block-quote is-layout-flow wp-block-quote-is-layout-flow\">&#13;\n<p>Hallo zusammen! Tags\u00fcber bin ich Fahrradkurier, nachts aufstrebender Schauspieler, und dies ist meine Website. Ich lebe in Los Angeles, habe einen tollen Hund namens Jack und mag Pi\u00f1a Coladas. (Und ich mag es, im Regen erwischt zu werden.)   <\/p>&#13;\n<\/blockquote>&#13;\n&#13;\n<p>&#8230;oder etwas in dieser Art:<\/p>&#13;\n&#13;\n<blockquote class=\"wp-block-quote is-layout-flow wp-block-quote-is-layout-flow\">&#13;\n<p>Die XYZ Doohickey Company wurde 1971 gegr\u00fcndet und stellt seitdem hochwertige Doohickeys f\u00fcr die \u00d6ffentlichkeit her. XYZ hat seinen Sitz in Gotham City und besch\u00e4ftigt \u00fcber 2.000 Mitarbeiter, die alle m\u00f6glichen gro\u00dfartigen Dinge f\u00fcr die Gotham Community tun. <\/p>&#13;\n<\/blockquote>&#13;\n&#13;\n<p>Als neuer WordPress-Benutzer sollten Sie zu <a href=\"https:\/\/www.metacompliance.com\/wp-admin\/\">Ihrem Dashboard<\/a> gehen, um diese Seite zu l\u00f6schen und neue Seiten f\u00fcr Ihre Inhalte zu erstellen. Viel Spa\u00df! <\/p>&#13;\n","protected":false},"excerpt":{"rendered":"<p>&#13; This is an example page. It&#8217;s different from a blog post because it will stay in one place and will show up in your site navigation (in most themes). &hellip; <a href=\"https:\/\/www.metacompliance.com\/de\">Fortsetzung<\/a><\/p>\n","protected":false},"author":1,"featured_media":0,"parent":0,"menu_order":0,"comment_status":"closed","ping_status":"closed","template":"front-page.php","meta":{"_acf_changed":false,"content-type":"","_relevanssi_hide_post":"","_relevanssi_hide_content":"","_relevanssi_pin_for_all":"","_relevanssi_pin_keywords":"","_relevanssi_unpin_keywords":"","_relevanssi_related_keywords":"","_relevanssi_related_include_ids":"","_relevanssi_related_exclude_ids":"","_relevanssi_related_no_append":"","_relevanssi_related_not_related":"","_relevanssi_related_posts":"","_relevanssi_noindex_reason":"","inline_featured_image":false,"footnotes":""},"class_list":["post-88635","page","type-page","status-publish","hentry"],"acf":[],"yoast_head":"<!-- This site is optimized with the Yoast SEO plugin v27.4 - https:\/\/yoast.com\/product\/yoast-seo-wordpress\/ -->\n<title>Human Risk Management &amp; Security Awareness | MetaCompliance<\/title>\n<meta name=\"description\" content=\"Reduzieren Sie menschliche Cyberrisiken mit einer All-in-One-Plattform f\u00fcr Sicherheitsbewusstsein, Compliance, Richtlinien und Risikoanalysen. Automatisierte Workflows in gro\u00dfem Umfang. Buchen Sie eine Demo.\" \/>\n<meta name=\"robots\" content=\"index, follow, max-snippet:-1, max-image-preview:large, max-video-preview:-1\" \/>\n<link rel=\"canonical\" href=\"https:\/\/www.metacompliance.com\/de\" \/>\n<meta property=\"og:locale\" content=\"de_DE\" \/>\n<meta property=\"og:type\" content=\"article\" \/>\n<meta property=\"og:title\" content=\"Human Risk Management &amp; Security Awareness | MetaCompliance\" \/>\n<meta property=\"og:description\" content=\"Reduzieren Sie menschliche Cyberrisiken mit einer All-in-One-Plattform f\u00fcr Sicherheitsbewusstsein, Compliance, Richtlinien und Risikoanalysen. Automatisierte Workflows in gro\u00dfem Umfang. Buchen Sie eine Demo.\" \/>\n<meta property=\"og:url\" content=\"https:\/\/www.metacompliance.com\/de\" \/>\n<meta property=\"og:site_name\" content=\"MetaCompliance\" \/>\n<meta property=\"article:modified_time\" content=\"2026-02-26T09:48:24+00:00\" \/>\n<meta name=\"twitter:card\" content=\"summary_large_image\" \/>\n<meta name=\"twitter:label1\" content=\"Est. reading time\" \/>\n\t<meta name=\"twitter:data1\" content=\"7\u00a0Minute\" \/>\n<script type=\"application\/ld+json\" class=\"yoast-schema-graph\">{\"@context\":\"https:\\\/\\\/schema.org\",\"@graph\":[{\"@type\":\"WebPage\",\"@id\":\"https:\\\/\\\/www.metacompliance.com\\\/de\",\"url\":\"https:\\\/\\\/www.metacompliance.com\\\/de\",\"name\":\"Human Risk Management & Security Awareness | MetaCompliance\",\"isPartOf\":{\"@id\":\"https:\\\/\\\/www.metacompliance.com\\\/de#website\"},\"datePublished\":\"2025-05-15T04:57:29+00:00\",\"dateModified\":\"2026-02-26T09:48:24+00:00\",\"description\":\"Reduzieren Sie menschliche Cyberrisiken mit einer All-in-One-Plattform f\u00fcr Sicherheitsbewusstsein, Compliance, Richtlinien und Risikoanalysen. Automatisierte Workflows in gro\u00dfem Umfang. Buchen Sie eine Demo.\",\"breadcrumb\":{\"@id\":\"https:\\\/\\\/www.metacompliance.com\\\/de#breadcrumb\"},\"inLanguage\":\"de\",\"potentialAction\":[{\"@type\":\"ReadAction\",\"target\":[\"https:\\\/\\\/www.metacompliance.com\\\/de\"]}]},{\"@type\":\"BreadcrumbList\",\"@id\":\"https:\\\/\\\/www.metacompliance.com\\\/de#breadcrumb\",\"itemListElement\":[{\"@type\":\"ListItem\",\"position\":1,\"name\":\"Startseite\",\"item\":\"https:\\\/\\\/www.metacompliance.com\\\/de\"},{\"@type\":\"ListItem\",\"position\":2,\"name\":\"Homepage\"}]},{\"@type\":\"WebSite\",\"@id\":\"https:\\\/\\\/www.metacompliance.com\\\/de#website\",\"url\":\"https:\\\/\\\/www.metacompliance.com\\\/de\",\"name\":\"MetaCompliance\",\"description\":\"\",\"potentialAction\":[{\"@type\":\"SearchAction\",\"target\":{\"@type\":\"EntryPoint\",\"urlTemplate\":\"https:\\\/\\\/www.metacompliance.com\\\/de?s={search_term_string}\"},\"query-input\":{\"@type\":\"PropertyValueSpecification\",\"valueRequired\":true,\"valueName\":\"search_term_string\"}}],\"inLanguage\":\"de\"}]}<\/script>\n<!-- \/ Yoast SEO plugin. -->","yoast_head_json":{"title":"Human Risk Management & Security Awareness | MetaCompliance","description":"Reduzieren Sie menschliche Cyberrisiken mit einer All-in-One-Plattform f\u00fcr Sicherheitsbewusstsein, Compliance, Richtlinien und Risikoanalysen. Automatisierte Workflows in gro\u00dfem Umfang. Buchen Sie eine Demo.","robots":{"index":"index","follow":"follow","max-snippet":"max-snippet:-1","max-image-preview":"max-image-preview:large","max-video-preview":"max-video-preview:-1"},"canonical":"https:\/\/www.metacompliance.com\/de","og_locale":"de_DE","og_type":"article","og_title":"Human Risk Management & Security Awareness | MetaCompliance","og_description":"Reduzieren Sie menschliche Cyberrisiken mit einer All-in-One-Plattform f\u00fcr Sicherheitsbewusstsein, Compliance, Richtlinien und Risikoanalysen. Automatisierte Workflows in gro\u00dfem Umfang. Buchen Sie eine Demo.","og_url":"https:\/\/www.metacompliance.com\/de","og_site_name":"MetaCompliance","article_modified_time":"2026-02-26T09:48:24+00:00","twitter_card":"summary_large_image","twitter_misc":{"Est. reading time":"7\u00a0Minute"},"schema":{"@context":"https:\/\/schema.org","@graph":[{"@type":"WebPage","@id":"https:\/\/www.metacompliance.com\/de","url":"https:\/\/www.metacompliance.com\/de","name":"Human Risk Management & Security Awareness | MetaCompliance","isPartOf":{"@id":"https:\/\/www.metacompliance.com\/de#website"},"datePublished":"2025-05-15T04:57:29+00:00","dateModified":"2026-02-26T09:48:24+00:00","description":"Reduzieren Sie menschliche Cyberrisiken mit einer All-in-One-Plattform f\u00fcr Sicherheitsbewusstsein, Compliance, Richtlinien und Risikoanalysen. Automatisierte Workflows in gro\u00dfem Umfang. Buchen Sie eine Demo.","breadcrumb":{"@id":"https:\/\/www.metacompliance.com\/de#breadcrumb"},"inLanguage":"de","potentialAction":[{"@type":"ReadAction","target":["https:\/\/www.metacompliance.com\/de"]}]},{"@type":"BreadcrumbList","@id":"https:\/\/www.metacompliance.com\/de#breadcrumb","itemListElement":[{"@type":"ListItem","position":1,"name":"Startseite","item":"https:\/\/www.metacompliance.com\/de"},{"@type":"ListItem","position":2,"name":"Homepage"}]},{"@type":"WebSite","@id":"https:\/\/www.metacompliance.com\/de#website","url":"https:\/\/www.metacompliance.com\/de","name":"MetaCompliance","description":"","potentialAction":[{"@type":"SearchAction","target":{"@type":"EntryPoint","urlTemplate":"https:\/\/www.metacompliance.com\/de?s={search_term_string}"},"query-input":{"@type":"PropertyValueSpecification","valueRequired":true,"valueName":"search_term_string"}}],"inLanguage":"de"}]}},"_links":{"self":[{"href":"https:\/\/www.metacompliance.com\/de\/wp-json\/wp\/v2\/pages\/88635","targetHints":{"allow":["GET"]}}],"collection":[{"href":"https:\/\/www.metacompliance.com\/de\/wp-json\/wp\/v2\/pages"}],"about":[{"href":"https:\/\/www.metacompliance.com\/de\/wp-json\/wp\/v2\/types\/page"}],"author":[{"embeddable":true,"href":"https:\/\/www.metacompliance.com\/de\/wp-json\/wp\/v2\/users\/1"}],"replies":[{"embeddable":true,"href":"https:\/\/www.metacompliance.com\/de\/wp-json\/wp\/v2\/comments?post=88635"}],"version-history":[{"count":0,"href":"https:\/\/www.metacompliance.com\/de\/wp-json\/wp\/v2\/pages\/88635\/revisions"}],"wp:attachment":[{"href":"https:\/\/www.metacompliance.com\/de\/wp-json\/wp\/v2\/media?parent=88635"}],"curies":[{"name":"wp","href":"https:\/\/api.w.org\/{rel}","templated":true}]}}