{"id":88878,"date":"2025-06-16T13:02:37","date_gmt":"2025-06-16T12:02:37","guid":{"rendered":"https:\/\/metacomp.wpenginepowered.com\/ferngesteuerte-arbeiter\/"},"modified":"2026-03-09T10:50:46","modified_gmt":"2026-03-09T10:50:46","slug":"remote-arbeit","status":"publish","type":"page","link":"https:\/\/www.metacompliance.com\/de\/human-risk-management-plattform-menschliches-risikomanagement\/remote-arbeit","title":{"rendered":"Remote-Arbeiter"},"content":{"rendered":"","protected":false},"excerpt":{"rendered":"","protected":false},"author":3,"featured_media":0,"parent":103801,"menu_order":0,"comment_status":"closed","ping_status":"closed","template":"","meta":{"_acf_changed":false,"content-type":"","_relevanssi_hide_post":"","_relevanssi_hide_content":"","_relevanssi_pin_for_all":"","_relevanssi_pin_keywords":"","_relevanssi_unpin_keywords":"","_relevanssi_related_keywords":"","_relevanssi_related_include_ids":"","_relevanssi_related_exclude_ids":"","_relevanssi_related_no_append":"","_relevanssi_related_not_related":"","_relevanssi_related_posts":"","_relevanssi_noindex_reason":"","inline_featured_image":false,"footnotes":""},"class_list":["post-88878","page","type-page","status-publish","hentry"],"acf":[],"yoast_head":"<!-- This site is optimized with the Yoast SEO plugin v27.4 - https:\/\/yoast.com\/product\/yoast-seo-wordpress\/ -->\n<title>Sicherheitsschulung f\u00fcr Fernmitarbeiter | MetaCompliance<\/title>\n<meta name=\"description\" content=\"Menschenzentriertes Sicherheitstraining f\u00fcr Au\u00dfendienstmitarbeiter mit Compliance, Automatisierung und Risikoanalyse in einer All-in-One-Plattform. Buchen Sie eine Demo.\" \/>\n<meta name=\"robots\" content=\"index, follow, max-snippet:-1, max-image-preview:large, max-video-preview:-1\" \/>\n<link rel=\"canonical\" href=\"https:\/\/www.metacompliance.com\/de\/human-risk-management-plattform-menschliches-risikomanagement\/remote-arbeit\" \/>\n<meta property=\"og:locale\" content=\"de_DE\" \/>\n<meta property=\"og:type\" content=\"article\" \/>\n<meta property=\"og:title\" content=\"Sicherheitsschulung f\u00fcr Fernmitarbeiter | MetaCompliance\" \/>\n<meta property=\"og:description\" content=\"Menschenzentriertes Sicherheitstraining f\u00fcr Au\u00dfendienstmitarbeiter mit Compliance, Automatisierung und Risikoanalyse in einer All-in-One-Plattform. Buchen Sie eine Demo.\" \/>\n<meta property=\"og:url\" content=\"https:\/\/www.metacompliance.com\/de\/human-risk-management-plattform-menschliches-risikomanagement\/remote-arbeit\" \/>\n<meta property=\"og:site_name\" content=\"MetaCompliance\" \/>\n<meta property=\"article:modified_time\" content=\"2026-03-09T10:50:46+00:00\" \/>\n<meta name=\"twitter:card\" content=\"summary_large_image\" \/>\n<script type=\"application\/ld+json\" class=\"yoast-schema-graph\">{\"@context\":\"https:\\\/\\\/schema.org\",\"@graph\":[{\"@type\":\"WebPage\",\"@id\":\"https:\\\/\\\/www.metacompliance.com\\\/de\\\/human-risk-management-plattform-menschliches-risikomanagement\\\/remote-arbeit\",\"url\":\"https:\\\/\\\/www.metacompliance.com\\\/de\\\/human-risk-management-plattform-menschliches-risikomanagement\\\/remote-arbeit\",\"name\":\"Sicherheitsschulung f\u00fcr Fernmitarbeiter | MetaCompliance\",\"isPartOf\":{\"@id\":\"https:\\\/\\\/www.metacompliance.com\\\/de#website\"},\"datePublished\":\"2025-06-16T12:02:37+00:00\",\"dateModified\":\"2026-03-09T10:50:46+00:00\",\"description\":\"Menschenzentriertes Sicherheitstraining f\u00fcr Au\u00dfendienstmitarbeiter mit Compliance, Automatisierung und Risikoanalyse in einer All-in-One-Plattform. Buchen Sie eine Demo.\",\"breadcrumb\":{\"@id\":\"https:\\\/\\\/www.metacompliance.com\\\/de\\\/human-risk-management-plattform-menschliches-risikomanagement\\\/remote-arbeit#breadcrumb\"},\"inLanguage\":\"de\",\"potentialAction\":[{\"@type\":\"ReadAction\",\"target\":[\"https:\\\/\\\/www.metacompliance.com\\\/de\\\/human-risk-management-plattform-menschliches-risikomanagement\\\/remote-arbeit\"]}]},{\"@type\":\"BreadcrumbList\",\"@id\":\"https:\\\/\\\/www.metacompliance.com\\\/de\\\/human-risk-management-plattform-menschliches-risikomanagement\\\/remote-arbeit#breadcrumb\",\"itemListElement\":[{\"@type\":\"ListItem\",\"position\":1,\"name\":\"Startseite\",\"item\":\"https:\\\/\\\/www.metacompliance.com\\\/de\"},{\"@type\":\"ListItem\",\"position\":2,\"name\":\"Plattform f\u00fcr menschliches Risikomanagement\",\"item\":\"https:\\\/\\\/www.metacompliance.com\\\/de\\\/human-risk-management-plattform-menschliches-risikomanagement\"},{\"@type\":\"ListItem\",\"position\":3,\"name\":\"Remote-Arbeiter\"}]},{\"@type\":\"WebSite\",\"@id\":\"https:\\\/\\\/www.metacompliance.com\\\/de#website\",\"url\":\"https:\\\/\\\/www.metacompliance.com\\\/de\",\"name\":\"MetaCompliance\",\"description\":\"\",\"potentialAction\":[{\"@type\":\"SearchAction\",\"target\":{\"@type\":\"EntryPoint\",\"urlTemplate\":\"https:\\\/\\\/www.metacompliance.com\\\/de?s={search_term_string}\"},\"query-input\":{\"@type\":\"PropertyValueSpecification\",\"valueRequired\":true,\"valueName\":\"search_term_string\"}}],\"inLanguage\":\"de\"}]}<\/script>\n<!-- \/ Yoast SEO plugin. -->","yoast_head_json":{"title":"Sicherheitsschulung f\u00fcr Fernmitarbeiter | MetaCompliance","description":"Menschenzentriertes Sicherheitstraining f\u00fcr Au\u00dfendienstmitarbeiter mit Compliance, Automatisierung und Risikoanalyse in einer All-in-One-Plattform. Buchen Sie eine Demo.","robots":{"index":"index","follow":"follow","max-snippet":"max-snippet:-1","max-image-preview":"max-image-preview:large","max-video-preview":"max-video-preview:-1"},"canonical":"https:\/\/www.metacompliance.com\/de\/human-risk-management-plattform-menschliches-risikomanagement\/remote-arbeit","og_locale":"de_DE","og_type":"article","og_title":"Sicherheitsschulung f\u00fcr Fernmitarbeiter | MetaCompliance","og_description":"Menschenzentriertes Sicherheitstraining f\u00fcr Au\u00dfendienstmitarbeiter mit Compliance, Automatisierung und Risikoanalyse in einer All-in-One-Plattform. Buchen Sie eine Demo.","og_url":"https:\/\/www.metacompliance.com\/de\/human-risk-management-plattform-menschliches-risikomanagement\/remote-arbeit","og_site_name":"MetaCompliance","article_modified_time":"2026-03-09T10:50:46+00:00","twitter_card":"summary_large_image","schema":{"@context":"https:\/\/schema.org","@graph":[{"@type":"WebPage","@id":"https:\/\/www.metacompliance.com\/de\/human-risk-management-plattform-menschliches-risikomanagement\/remote-arbeit","url":"https:\/\/www.metacompliance.com\/de\/human-risk-management-plattform-menschliches-risikomanagement\/remote-arbeit","name":"Sicherheitsschulung f\u00fcr Fernmitarbeiter | MetaCompliance","isPartOf":{"@id":"https:\/\/www.metacompliance.com\/de#website"},"datePublished":"2025-06-16T12:02:37+00:00","dateModified":"2026-03-09T10:50:46+00:00","description":"Menschenzentriertes Sicherheitstraining f\u00fcr Au\u00dfendienstmitarbeiter mit Compliance, Automatisierung und Risikoanalyse in einer All-in-One-Plattform. Buchen Sie eine Demo.","breadcrumb":{"@id":"https:\/\/www.metacompliance.com\/de\/human-risk-management-plattform-menschliches-risikomanagement\/remote-arbeit#breadcrumb"},"inLanguage":"de","potentialAction":[{"@type":"ReadAction","target":["https:\/\/www.metacompliance.com\/de\/human-risk-management-plattform-menschliches-risikomanagement\/remote-arbeit"]}]},{"@type":"BreadcrumbList","@id":"https:\/\/www.metacompliance.com\/de\/human-risk-management-plattform-menschliches-risikomanagement\/remote-arbeit#breadcrumb","itemListElement":[{"@type":"ListItem","position":1,"name":"Startseite","item":"https:\/\/www.metacompliance.com\/de"},{"@type":"ListItem","position":2,"name":"Plattform f\u00fcr menschliches Risikomanagement","item":"https:\/\/www.metacompliance.com\/de\/human-risk-management-plattform-menschliches-risikomanagement"},{"@type":"ListItem","position":3,"name":"Remote-Arbeiter"}]},{"@type":"WebSite","@id":"https:\/\/www.metacompliance.com\/de#website","url":"https:\/\/www.metacompliance.com\/de","name":"MetaCompliance","description":"","potentialAction":[{"@type":"SearchAction","target":{"@type":"EntryPoint","urlTemplate":"https:\/\/www.metacompliance.com\/de?s={search_term_string}"},"query-input":{"@type":"PropertyValueSpecification","valueRequired":true,"valueName":"search_term_string"}}],"inLanguage":"de"}]}},"_links":{"self":[{"href":"https:\/\/www.metacompliance.com\/de\/wp-json\/wp\/v2\/pages\/88878","targetHints":{"allow":["GET"]}}],"collection":[{"href":"https:\/\/www.metacompliance.com\/de\/wp-json\/wp\/v2\/pages"}],"about":[{"href":"https:\/\/www.metacompliance.com\/de\/wp-json\/wp\/v2\/types\/page"}],"author":[{"embeddable":true,"href":"https:\/\/www.metacompliance.com\/de\/wp-json\/wp\/v2\/users\/3"}],"replies":[{"embeddable":true,"href":"https:\/\/www.metacompliance.com\/de\/wp-json\/wp\/v2\/comments?post=88878"}],"version-history":[{"count":0,"href":"https:\/\/www.metacompliance.com\/de\/wp-json\/wp\/v2\/pages\/88878\/revisions"}],"up":[{"embeddable":true,"href":"https:\/\/www.metacompliance.com\/de\/wp-json\/wp\/v2\/pages\/103801"}],"wp:attachment":[{"href":"https:\/\/www.metacompliance.com\/de\/wp-json\/wp\/v2\/media?parent=88878"}],"curies":[{"name":"wp","href":"https:\/\/api.w.org\/{rel}","templated":true}]}}