{"id":107794,"date":"2025-09-15T15:06:37","date_gmt":"2025-09-15T14:06:37","guid":{"rendered":"https:\/\/metacomp.wpenginepowered.com\/security-awareness-training-for-the-tech-industry"},"modified":"2025-09-22T01:58:16","modified_gmt":"2025-09-22T00:58:16","slug":"formacion-en-sensibilizacion-sobre-seguridad-para-la-industria-tecnologica","status":"publish","type":"page","link":"https:\/\/www.metacompliance.com\/es\/formacion-en-sensibilizacion-sobre-seguridad-para-la-industria-tecnologica","title":{"rendered":"Formaci\u00f3n en sensibilizaci\u00f3n sobre seguridad para la industria tecnol\u00f3gica"},"content":{"rendered":"","protected":false},"excerpt":{"rendered":"","protected":false},"author":4,"featured_media":0,"parent":0,"menu_order":0,"comment_status":"closed","ping_status":"closed","template":"","meta":{"_acf_changed":false,"content-type":"","_relevanssi_hide_post":"","_relevanssi_hide_content":"","_relevanssi_pin_for_all":"","_relevanssi_pin_keywords":"","_relevanssi_unpin_keywords":"","_relevanssi_related_keywords":"","_relevanssi_related_include_ids":"","_relevanssi_related_exclude_ids":"","_relevanssi_related_no_append":"","_relevanssi_related_not_related":"","_relevanssi_related_posts":"","_relevanssi_noindex_reason":"","inline_featured_image":false,"footnotes":""},"class_list":["post-107794","page","type-page","status-publish","hentry"],"acf":[],"yoast_head":"<!-- This site is optimized with the Yoast SEO plugin v27.2 - https:\/\/yoast.com\/product\/yoast-seo-wordpress\/ -->\n<title>Formaci\u00f3n en sensibilizaci\u00f3n sobre seguridad para la industria tecnol\u00f3gica - MetaCompliance<\/title>\n<meta name=\"robots\" content=\"index, follow, max-snippet:-1, max-image-preview:large, max-video-preview:-1\" \/>\n<link rel=\"canonical\" href=\"https:\/\/www.metacompliance.com\/es\/formacion-en-sensibilizacion-sobre-seguridad-para-la-industria-tecnologica\" \/>\n<meta property=\"og:locale\" content=\"es_ES\" \/>\n<meta property=\"og:type\" content=\"article\" \/>\n<meta property=\"og:title\" content=\"Formaci\u00f3n en sensibilizaci\u00f3n sobre seguridad para la industria tecnol\u00f3gica - MetaCompliance\" \/>\n<meta property=\"og:url\" content=\"https:\/\/www.metacompliance.com\/es\/formacion-en-sensibilizacion-sobre-seguridad-para-la-industria-tecnologica\" \/>\n<meta property=\"og:site_name\" content=\"MetaCompliance\" \/>\n<meta property=\"article:modified_time\" content=\"2025-09-22T00:58:16+00:00\" \/>\n<meta name=\"twitter:card\" content=\"summary_large_image\" \/>\n<script type=\"application\/ld+json\" class=\"yoast-schema-graph\">{\"@context\":\"https:\/\/schema.org\",\"@graph\":[{\"@type\":\"WebPage\",\"@id\":\"https:\/\/www.metacompliance.com\/es\/formacion-en-sensibilizacion-sobre-seguridad-para-la-industria-tecnologica\",\"url\":\"https:\/\/www.metacompliance.com\/es\/formacion-en-sensibilizacion-sobre-seguridad-para-la-industria-tecnologica\",\"name\":\"Formaci\u00f3n en sensibilizaci\u00f3n sobre seguridad para la industria tecnol\u00f3gica - MetaCompliance\",\"isPartOf\":{\"@id\":\"https:\/\/www.metacompliance.com\/es#website\"},\"datePublished\":\"2025-09-15T14:06:37+00:00\",\"dateModified\":\"2025-09-22T00:58:16+00:00\",\"breadcrumb\":{\"@id\":\"https:\/\/www.metacompliance.com\/es\/formacion-en-sensibilizacion-sobre-seguridad-para-la-industria-tecnologica#breadcrumb\"},\"inLanguage\":\"es\",\"potentialAction\":[{\"@type\":\"ReadAction\",\"target\":[\"https:\/\/www.metacompliance.com\/es\/formacion-en-sensibilizacion-sobre-seguridad-para-la-industria-tecnologica\"]}]},{\"@type\":\"BreadcrumbList\",\"@id\":\"https:\/\/www.metacompliance.com\/es\/formacion-en-sensibilizacion-sobre-seguridad-para-la-industria-tecnologica#breadcrumb\",\"itemListElement\":[{\"@type\":\"ListItem\",\"position\":1,\"name\":\"Inicio\",\"item\":\"https:\/\/www.metacompliance.com\/es\"},{\"@type\":\"ListItem\",\"position\":2,\"name\":\"Formaci\u00f3n en sensibilizaci\u00f3n sobre seguridad para la industria tecnol\u00f3gica\"}]},{\"@type\":\"WebSite\",\"@id\":\"https:\/\/www.metacompliance.com\/es#website\",\"url\":\"https:\/\/www.metacompliance.com\/es\",\"name\":\"MetaCompliance\",\"description\":\"\",\"potentialAction\":[{\"@type\":\"SearchAction\",\"target\":{\"@type\":\"EntryPoint\",\"urlTemplate\":\"https:\/\/www.metacompliance.com\/es?s={search_term_string}\"},\"query-input\":{\"@type\":\"PropertyValueSpecification\",\"valueRequired\":true,\"valueName\":\"search_term_string\"}}],\"inLanguage\":\"es\"}]}<\/script>\n<!-- \/ Yoast SEO plugin. -->","yoast_head_json":{"title":"Formaci\u00f3n en sensibilizaci\u00f3n sobre seguridad para la industria tecnol\u00f3gica - MetaCompliance","robots":{"index":"index","follow":"follow","max-snippet":"max-snippet:-1","max-image-preview":"max-image-preview:large","max-video-preview":"max-video-preview:-1"},"canonical":"https:\/\/www.metacompliance.com\/es\/formacion-en-sensibilizacion-sobre-seguridad-para-la-industria-tecnologica","og_locale":"es_ES","og_type":"article","og_title":"Formaci\u00f3n en sensibilizaci\u00f3n sobre seguridad para la industria tecnol\u00f3gica - MetaCompliance","og_url":"https:\/\/www.metacompliance.com\/es\/formacion-en-sensibilizacion-sobre-seguridad-para-la-industria-tecnologica","og_site_name":"MetaCompliance","article_modified_time":"2025-09-22T00:58:16+00:00","twitter_card":"summary_large_image","schema":{"@context":"https:\/\/schema.org","@graph":[{"@type":"WebPage","@id":"https:\/\/www.metacompliance.com\/es\/formacion-en-sensibilizacion-sobre-seguridad-para-la-industria-tecnologica","url":"https:\/\/www.metacompliance.com\/es\/formacion-en-sensibilizacion-sobre-seguridad-para-la-industria-tecnologica","name":"Formaci\u00f3n en sensibilizaci\u00f3n sobre seguridad para la industria tecnol\u00f3gica - MetaCompliance","isPartOf":{"@id":"https:\/\/www.metacompliance.com\/es#website"},"datePublished":"2025-09-15T14:06:37+00:00","dateModified":"2025-09-22T00:58:16+00:00","breadcrumb":{"@id":"https:\/\/www.metacompliance.com\/es\/formacion-en-sensibilizacion-sobre-seguridad-para-la-industria-tecnologica#breadcrumb"},"inLanguage":"es","potentialAction":[{"@type":"ReadAction","target":["https:\/\/www.metacompliance.com\/es\/formacion-en-sensibilizacion-sobre-seguridad-para-la-industria-tecnologica"]}]},{"@type":"BreadcrumbList","@id":"https:\/\/www.metacompliance.com\/es\/formacion-en-sensibilizacion-sobre-seguridad-para-la-industria-tecnologica#breadcrumb","itemListElement":[{"@type":"ListItem","position":1,"name":"Inicio","item":"https:\/\/www.metacompliance.com\/es"},{"@type":"ListItem","position":2,"name":"Formaci\u00f3n en sensibilizaci\u00f3n sobre seguridad para la industria tecnol\u00f3gica"}]},{"@type":"WebSite","@id":"https:\/\/www.metacompliance.com\/es#website","url":"https:\/\/www.metacompliance.com\/es","name":"MetaCompliance","description":"","potentialAction":[{"@type":"SearchAction","target":{"@type":"EntryPoint","urlTemplate":"https:\/\/www.metacompliance.com\/es?s={search_term_string}"},"query-input":{"@type":"PropertyValueSpecification","valueRequired":true,"valueName":"search_term_string"}}],"inLanguage":"es"}]}},"_links":{"self":[{"href":"https:\/\/www.metacompliance.com\/es\/wp-json\/wp\/v2\/pages\/107794","targetHints":{"allow":["GET"]}}],"collection":[{"href":"https:\/\/www.metacompliance.com\/es\/wp-json\/wp\/v2\/pages"}],"about":[{"href":"https:\/\/www.metacompliance.com\/es\/wp-json\/wp\/v2\/types\/page"}],"author":[{"embeddable":true,"href":"https:\/\/www.metacompliance.com\/es\/wp-json\/wp\/v2\/users\/4"}],"replies":[{"embeddable":true,"href":"https:\/\/www.metacompliance.com\/es\/wp-json\/wp\/v2\/comments?post=107794"}],"version-history":[{"count":0,"href":"https:\/\/www.metacompliance.com\/es\/wp-json\/wp\/v2\/pages\/107794\/revisions"}],"wp:attachment":[{"href":"https:\/\/www.metacompliance.com\/es\/wp-json\/wp\/v2\/media?parent=107794"}],"curies":[{"name":"wp","href":"https:\/\/api.w.org\/{rel}","templated":true}]}}