{"id":88640,"date":"2025-05-15T05:57:29","date_gmt":"2025-05-15T04:57:29","guid":{"rendered":"https:\/\/metacomp.wpenginepowered.com\/pagina-de-inicio\/"},"modified":"2026-02-26T09:48:22","modified_gmt":"2026-02-26T09:48:22","slug":"pagina-de-inicio","status":"publish","type":"page","link":"https:\/\/www.metacompliance.com\/es","title":{"rendered":"P\u00e1gina de inicio"},"content":{"rendered":"&#13;\n<p>Esta es una p\u00e1gina de ejemplo. Es diferente de una entrada de blog porque permanecer\u00e1 en un lugar y se mostrar\u00e1 en la navegaci\u00f3n de su sitio (en la mayor\u00eda de los temas). La mayor\u00eda de la gente empieza con una p\u00e1gina Acerca de que les presenta a los visitantes potenciales del sitio. Podr\u00eda decir algo como esto   <\/p>&#13;\n&#13;\n<blockquote class=\"wp-block-quote is-layout-flow wp-block-quote-is-layout-flow\">&#13;\n<p>\u00a1Hola! Soy mensajero en bicicleta de d\u00eda, aspirante a actor de noche, y \u00e9sta es mi p\u00e1gina web. Vivo en Los \u00c1ngeles, tengo un perro estupendo llamado Jack y me gustan las pi\u00f1as coladas. (Y que me pille la lluvia).   <\/p>&#13;\n<\/blockquote>&#13;\n&#13;\n<p>&#8230;o algo as\u00ed:<\/p>&#13;\n&#13;\n<blockquote class=\"wp-block-quote is-layout-flow wp-block-quote-is-layout-flow\">&#13;\n<p>La empresa XYZ Doohickey Company se fund\u00f3 en 1971 y desde entonces suministra doohickeys de calidad al p\u00fablico. Situada en Ciudad G\u00f3tica, XYZ emplea a m\u00e1s de 2.000 personas y hace todo tipo de cosas incre\u00edbles para la comunidad de Ciudad G\u00f3tica. <\/p>&#13;\n<\/blockquote>&#13;\n&#13;\n<p>Como nuevo usuario de WordPress, debe ir a <a href=\"https:\/\/www.metacompliance.com\/wp-admin\/\">su panel de control<\/a> para eliminar esta p\u00e1gina y crear nuevas p\u00e1ginas para su contenido. \u00a1Divi\u00e9rtase! <\/p>&#13;\n","protected":false},"excerpt":{"rendered":"<p>&#13; Esta es una p\u00e1gina de ejemplo. Es diferente de una entrada de blog porque permanecer\u00e1 en un lugar y se mostrar\u00e1 en la navegaci\u00f3n de su sitio (en la &hellip; <a href=\"https:\/\/www.metacompliance.com\/es\">Contin\u00faa<\/a><\/p>\n","protected":false},"author":1,"featured_media":0,"parent":0,"menu_order":0,"comment_status":"closed","ping_status":"closed","template":"front-page.php","meta":{"_acf_changed":false,"content-type":"","_relevanssi_hide_post":"","_relevanssi_hide_content":"","_relevanssi_pin_for_all":"","_relevanssi_pin_keywords":"","_relevanssi_unpin_keywords":"","_relevanssi_related_keywords":"","_relevanssi_related_include_ids":"","_relevanssi_related_exclude_ids":"","_relevanssi_related_no_append":"","_relevanssi_related_not_related":"","_relevanssi_related_posts":"","_relevanssi_noindex_reason":"","inline_featured_image":false,"footnotes":""},"class_list":["post-88640","page","type-page","status-publish","hentry"],"acf":[],"yoast_head":"<!-- This site is optimized with the Yoast SEO plugin v27.2 - https:\/\/yoast.com\/product\/yoast-seo-wordpress\/ -->\n<title>Human Risk Management &amp; Concienciaci\u00f3n en Ciberseguridad<\/title>\n<meta name=\"description\" content=\"Reduzca el riesgo cibern\u00e9tico humano con una plataforma todo en uno para la concienciaci\u00f3n sobre la seguridad, el cumplimiento, la pol\u00edtica y el an\u00e1lisis de riesgos. Flujos de trabajo automatizados a escala. Reserve una demostraci\u00f3n.\" \/>\n<meta name=\"robots\" content=\"index, follow, max-snippet:-1, max-image-preview:large, max-video-preview:-1\" \/>\n<link rel=\"canonical\" href=\"https:\/\/www.metacompliance.com\/es\" \/>\n<meta property=\"og:locale\" content=\"es_ES\" \/>\n<meta property=\"og:type\" content=\"article\" \/>\n<meta property=\"og:title\" content=\"Human Risk Management &amp; Concienciaci\u00f3n en Ciberseguridad\" \/>\n<meta property=\"og:description\" content=\"Reduzca el riesgo cibern\u00e9tico humano con una plataforma todo en uno para la concienciaci\u00f3n sobre la seguridad, el cumplimiento, la pol\u00edtica y el an\u00e1lisis de riesgos. Flujos de trabajo automatizados a escala. Reserve una demostraci\u00f3n.\" \/>\n<meta property=\"og:url\" content=\"https:\/\/www.metacompliance.com\/es\" \/>\n<meta property=\"og:site_name\" content=\"MetaCompliance\" \/>\n<meta property=\"article:modified_time\" content=\"2026-02-26T09:48:22+00:00\" \/>\n<meta name=\"twitter:card\" content=\"summary_large_image\" \/>\n<meta name=\"twitter:label1\" content=\"Est. reading time\" \/>\n\t<meta name=\"twitter:data1\" content=\"10 minuto\" \/>\n<script type=\"application\/ld+json\" class=\"yoast-schema-graph\">{\"@context\":\"https:\/\/schema.org\",\"@graph\":[{\"@type\":\"WebPage\",\"@id\":\"https:\/\/www.metacompliance.com\/es\",\"url\":\"https:\/\/www.metacompliance.com\/es\",\"name\":\"Human Risk Management & Concienciaci\u00f3n en Ciberseguridad\",\"isPartOf\":{\"@id\":\"https:\/\/www.metacompliance.com\/es#website\"},\"datePublished\":\"2025-05-15T04:57:29+00:00\",\"dateModified\":\"2026-02-26T09:48:22+00:00\",\"description\":\"Reduzca el riesgo cibern\u00e9tico humano con una plataforma todo en uno para la concienciaci\u00f3n sobre la seguridad, el cumplimiento, la pol\u00edtica y el an\u00e1lisis de riesgos. Flujos de trabajo automatizados a escala. Reserve una demostraci\u00f3n.\",\"breadcrumb\":{\"@id\":\"https:\/\/www.metacompliance.com\/es#breadcrumb\"},\"inLanguage\":\"es\",\"potentialAction\":[{\"@type\":\"ReadAction\",\"target\":[\"https:\/\/www.metacompliance.com\/es\"]}]},{\"@type\":\"BreadcrumbList\",\"@id\":\"https:\/\/www.metacompliance.com\/es#breadcrumb\",\"itemListElement\":[{\"@type\":\"ListItem\",\"position\":1,\"name\":\"Inicio\",\"item\":\"https:\/\/www.metacompliance.com\/es\"},{\"@type\":\"ListItem\",\"position\":2,\"name\":\"P\u00e1gina de inicio\"}]},{\"@type\":\"WebSite\",\"@id\":\"https:\/\/www.metacompliance.com\/es#website\",\"url\":\"https:\/\/www.metacompliance.com\/es\",\"name\":\"MetaCompliance\",\"description\":\"\",\"potentialAction\":[{\"@type\":\"SearchAction\",\"target\":{\"@type\":\"EntryPoint\",\"urlTemplate\":\"https:\/\/www.metacompliance.com\/es?s={search_term_string}\"},\"query-input\":{\"@type\":\"PropertyValueSpecification\",\"valueRequired\":true,\"valueName\":\"search_term_string\"}}],\"inLanguage\":\"es\"}]}<\/script>\n<!-- \/ Yoast SEO plugin. -->","yoast_head_json":{"title":"Human Risk Management & Concienciaci\u00f3n en Ciberseguridad","description":"Reduzca el riesgo cibern\u00e9tico humano con una plataforma todo en uno para la concienciaci\u00f3n sobre la seguridad, el cumplimiento, la pol\u00edtica y el an\u00e1lisis de riesgos. Flujos de trabajo automatizados a escala. Reserve una demostraci\u00f3n.","robots":{"index":"index","follow":"follow","max-snippet":"max-snippet:-1","max-image-preview":"max-image-preview:large","max-video-preview":"max-video-preview:-1"},"canonical":"https:\/\/www.metacompliance.com\/es","og_locale":"es_ES","og_type":"article","og_title":"Human Risk Management & Concienciaci\u00f3n en Ciberseguridad","og_description":"Reduzca el riesgo cibern\u00e9tico humano con una plataforma todo en uno para la concienciaci\u00f3n sobre la seguridad, el cumplimiento, la pol\u00edtica y el an\u00e1lisis de riesgos. Flujos de trabajo automatizados a escala. Reserve una demostraci\u00f3n.","og_url":"https:\/\/www.metacompliance.com\/es","og_site_name":"MetaCompliance","article_modified_time":"2026-02-26T09:48:22+00:00","twitter_card":"summary_large_image","twitter_misc":{"Est. reading time":"10 minuto"},"schema":{"@context":"https:\/\/schema.org","@graph":[{"@type":"WebPage","@id":"https:\/\/www.metacompliance.com\/es","url":"https:\/\/www.metacompliance.com\/es","name":"Human Risk Management & Concienciaci\u00f3n en Ciberseguridad","isPartOf":{"@id":"https:\/\/www.metacompliance.com\/es#website"},"datePublished":"2025-05-15T04:57:29+00:00","dateModified":"2026-02-26T09:48:22+00:00","description":"Reduzca el riesgo cibern\u00e9tico humano con una plataforma todo en uno para la concienciaci\u00f3n sobre la seguridad, el cumplimiento, la pol\u00edtica y el an\u00e1lisis de riesgos. Flujos de trabajo automatizados a escala. Reserve una demostraci\u00f3n.","breadcrumb":{"@id":"https:\/\/www.metacompliance.com\/es#breadcrumb"},"inLanguage":"es","potentialAction":[{"@type":"ReadAction","target":["https:\/\/www.metacompliance.com\/es"]}]},{"@type":"BreadcrumbList","@id":"https:\/\/www.metacompliance.com\/es#breadcrumb","itemListElement":[{"@type":"ListItem","position":1,"name":"Inicio","item":"https:\/\/www.metacompliance.com\/es"},{"@type":"ListItem","position":2,"name":"P\u00e1gina de inicio"}]},{"@type":"WebSite","@id":"https:\/\/www.metacompliance.com\/es#website","url":"https:\/\/www.metacompliance.com\/es","name":"MetaCompliance","description":"","potentialAction":[{"@type":"SearchAction","target":{"@type":"EntryPoint","urlTemplate":"https:\/\/www.metacompliance.com\/es?s={search_term_string}"},"query-input":{"@type":"PropertyValueSpecification","valueRequired":true,"valueName":"search_term_string"}}],"inLanguage":"es"}]}},"_links":{"self":[{"href":"https:\/\/www.metacompliance.com\/es\/wp-json\/wp\/v2\/pages\/88640","targetHints":{"allow":["GET"]}}],"collection":[{"href":"https:\/\/www.metacompliance.com\/es\/wp-json\/wp\/v2\/pages"}],"about":[{"href":"https:\/\/www.metacompliance.com\/es\/wp-json\/wp\/v2\/types\/page"}],"author":[{"embeddable":true,"href":"https:\/\/www.metacompliance.com\/es\/wp-json\/wp\/v2\/users\/1"}],"replies":[{"embeddable":true,"href":"https:\/\/www.metacompliance.com\/es\/wp-json\/wp\/v2\/comments?post=88640"}],"version-history":[{"count":0,"href":"https:\/\/www.metacompliance.com\/es\/wp-json\/wp\/v2\/pages\/88640\/revisions"}],"wp:attachment":[{"href":"https:\/\/www.metacompliance.com\/es\/wp-json\/wp\/v2\/media?parent=88640"}],"curies":[{"name":"wp","href":"https:\/\/api.w.org\/{rel}","templated":true}]}}