{"id":88722,"date":"2025-06-16T13:01:57","date_gmt":"2025-06-16T12:01:57","guid":{"rendered":"https:\/\/metacomp.wpenginepowered.com\/gobiernos\/"},"modified":"2026-03-09T10:49:21","modified_gmt":"2026-03-09T10:49:21","slug":"gobiernos","status":"publish","type":"page","link":"https:\/\/www.metacompliance.com\/es\/plataforma-human-risk-management-gestion-riesgos-humanos\/gobiernos","title":{"rendered":"Gobiernos"},"content":{"rendered":"","protected":false},"excerpt":{"rendered":"","protected":false},"author":3,"featured_media":0,"parent":103802,"menu_order":0,"comment_status":"closed","ping_status":"closed","template":"","meta":{"_acf_changed":false,"content-type":"","_relevanssi_hide_post":"","_relevanssi_hide_content":"","_relevanssi_pin_for_all":"","_relevanssi_pin_keywords":"","_relevanssi_unpin_keywords":"","_relevanssi_related_keywords":"","_relevanssi_related_include_ids":"","_relevanssi_related_exclude_ids":"","_relevanssi_related_no_append":"","_relevanssi_related_not_related":"","_relevanssi_related_posts":"","_relevanssi_noindex_reason":"","inline_featured_image":false,"footnotes":""},"class_list":["post-88722","page","type-page","status-publish","hentry"],"acf":[],"yoast_head":"<!-- This site is optimized with the Yoast SEO plugin v27.4 - https:\/\/yoast.com\/product\/yoast-seo-wordpress\/ -->\n<title>Formaci\u00f3n sobre concienciaci\u00f3n en materia de seguridad para organizaciones gubernamentales | MetaCompliance<\/title>\n<meta name=\"description\" content=\"Concienciaci\u00f3n sobre seguridad centrada en el ser humano y formaci\u00f3n cibern\u00e9tica para la administraci\u00f3n p\u00fablica con an\u00e1lisis automatizados de conformidad, pol\u00edticas y riesgos en una sola plataforma. Reserve una demostraci\u00f3n.\" \/>\n<meta name=\"robots\" content=\"index, follow, max-snippet:-1, max-image-preview:large, max-video-preview:-1\" \/>\n<link rel=\"canonical\" href=\"https:\/\/www.metacompliance.com\/es\/plataforma-human-risk-management-gestion-riesgos-humanos\/gobiernos\" \/>\n<meta property=\"og:locale\" content=\"es_ES\" \/>\n<meta property=\"og:type\" content=\"article\" \/>\n<meta property=\"og:title\" content=\"Formaci\u00f3n sobre concienciaci\u00f3n en materia de seguridad para organizaciones gubernamentales | MetaCompliance\" \/>\n<meta property=\"og:description\" content=\"Concienciaci\u00f3n sobre seguridad centrada en el ser humano y formaci\u00f3n cibern\u00e9tica para la administraci\u00f3n p\u00fablica con an\u00e1lisis automatizados de conformidad, pol\u00edticas y riesgos en una sola plataforma. Reserve una demostraci\u00f3n.\" \/>\n<meta property=\"og:url\" content=\"https:\/\/www.metacompliance.com\/es\/plataforma-human-risk-management-gestion-riesgos-humanos\/gobiernos\" \/>\n<meta property=\"og:site_name\" content=\"MetaCompliance\" \/>\n<meta property=\"article:modified_time\" content=\"2026-03-09T10:49:21+00:00\" \/>\n<meta name=\"twitter:card\" content=\"summary_large_image\" \/>\n<script type=\"application\/ld+json\" class=\"yoast-schema-graph\">{\"@context\":\"https:\\\/\\\/schema.org\",\"@graph\":[{\"@type\":\"WebPage\",\"@id\":\"https:\\\/\\\/www.metacompliance.com\\\/es\\\/plataforma-human-risk-management-gestion-riesgos-humanos\\\/gobiernos\",\"url\":\"https:\\\/\\\/www.metacompliance.com\\\/es\\\/plataforma-human-risk-management-gestion-riesgos-humanos\\\/gobiernos\",\"name\":\"Formaci\u00f3n sobre concienciaci\u00f3n en materia de seguridad para organizaciones gubernamentales | MetaCompliance\",\"isPartOf\":{\"@id\":\"https:\\\/\\\/www.metacompliance.com\\\/es#website\"},\"datePublished\":\"2025-06-16T12:01:57+00:00\",\"dateModified\":\"2026-03-09T10:49:21+00:00\",\"description\":\"Concienciaci\u00f3n sobre seguridad centrada en el ser humano y formaci\u00f3n cibern\u00e9tica para la administraci\u00f3n p\u00fablica con an\u00e1lisis automatizados de conformidad, pol\u00edticas y riesgos en una sola plataforma. Reserve una demostraci\u00f3n.\",\"breadcrumb\":{\"@id\":\"https:\\\/\\\/www.metacompliance.com\\\/es\\\/plataforma-human-risk-management-gestion-riesgos-humanos\\\/gobiernos#breadcrumb\"},\"inLanguage\":\"es\",\"potentialAction\":[{\"@type\":\"ReadAction\",\"target\":[\"https:\\\/\\\/www.metacompliance.com\\\/es\\\/plataforma-human-risk-management-gestion-riesgos-humanos\\\/gobiernos\"]}]},{\"@type\":\"BreadcrumbList\",\"@id\":\"https:\\\/\\\/www.metacompliance.com\\\/es\\\/plataforma-human-risk-management-gestion-riesgos-humanos\\\/gobiernos#breadcrumb\",\"itemListElement\":[{\"@type\":\"ListItem\",\"position\":1,\"name\":\"Inicio\",\"item\":\"https:\\\/\\\/www.metacompliance.com\\\/es\"},{\"@type\":\"ListItem\",\"position\":2,\"name\":\"Plataforma de Human Risk Management\",\"item\":\"https:\\\/\\\/www.metacompliance.com\\\/es\\\/plataforma-human-risk-management-gestion-riesgos-humanos\"},{\"@type\":\"ListItem\",\"position\":3,\"name\":\"Gobiernos\"}]},{\"@type\":\"WebSite\",\"@id\":\"https:\\\/\\\/www.metacompliance.com\\\/es#website\",\"url\":\"https:\\\/\\\/www.metacompliance.com\\\/es\",\"name\":\"MetaCompliance\",\"description\":\"\",\"potentialAction\":[{\"@type\":\"SearchAction\",\"target\":{\"@type\":\"EntryPoint\",\"urlTemplate\":\"https:\\\/\\\/www.metacompliance.com\\\/es?s={search_term_string}\"},\"query-input\":{\"@type\":\"PropertyValueSpecification\",\"valueRequired\":true,\"valueName\":\"search_term_string\"}}],\"inLanguage\":\"es\"}]}<\/script>\n<!-- \/ Yoast SEO plugin. -->","yoast_head_json":{"title":"Formaci\u00f3n sobre concienciaci\u00f3n en materia de seguridad para organizaciones gubernamentales | MetaCompliance","description":"Concienciaci\u00f3n sobre seguridad centrada en el ser humano y formaci\u00f3n cibern\u00e9tica para la administraci\u00f3n p\u00fablica con an\u00e1lisis automatizados de conformidad, pol\u00edticas y riesgos en una sola plataforma. Reserve una demostraci\u00f3n.","robots":{"index":"index","follow":"follow","max-snippet":"max-snippet:-1","max-image-preview":"max-image-preview:large","max-video-preview":"max-video-preview:-1"},"canonical":"https:\/\/www.metacompliance.com\/es\/plataforma-human-risk-management-gestion-riesgos-humanos\/gobiernos","og_locale":"es_ES","og_type":"article","og_title":"Formaci\u00f3n sobre concienciaci\u00f3n en materia de seguridad para organizaciones gubernamentales | MetaCompliance","og_description":"Concienciaci\u00f3n sobre seguridad centrada en el ser humano y formaci\u00f3n cibern\u00e9tica para la administraci\u00f3n p\u00fablica con an\u00e1lisis automatizados de conformidad, pol\u00edticas y riesgos en una sola plataforma. Reserve una demostraci\u00f3n.","og_url":"https:\/\/www.metacompliance.com\/es\/plataforma-human-risk-management-gestion-riesgos-humanos\/gobiernos","og_site_name":"MetaCompliance","article_modified_time":"2026-03-09T10:49:21+00:00","twitter_card":"summary_large_image","schema":{"@context":"https:\/\/schema.org","@graph":[{"@type":"WebPage","@id":"https:\/\/www.metacompliance.com\/es\/plataforma-human-risk-management-gestion-riesgos-humanos\/gobiernos","url":"https:\/\/www.metacompliance.com\/es\/plataforma-human-risk-management-gestion-riesgos-humanos\/gobiernos","name":"Formaci\u00f3n sobre concienciaci\u00f3n en materia de seguridad para organizaciones gubernamentales | MetaCompliance","isPartOf":{"@id":"https:\/\/www.metacompliance.com\/es#website"},"datePublished":"2025-06-16T12:01:57+00:00","dateModified":"2026-03-09T10:49:21+00:00","description":"Concienciaci\u00f3n sobre seguridad centrada en el ser humano y formaci\u00f3n cibern\u00e9tica para la administraci\u00f3n p\u00fablica con an\u00e1lisis automatizados de conformidad, pol\u00edticas y riesgos en una sola plataforma. Reserve una demostraci\u00f3n.","breadcrumb":{"@id":"https:\/\/www.metacompliance.com\/es\/plataforma-human-risk-management-gestion-riesgos-humanos\/gobiernos#breadcrumb"},"inLanguage":"es","potentialAction":[{"@type":"ReadAction","target":["https:\/\/www.metacompliance.com\/es\/plataforma-human-risk-management-gestion-riesgos-humanos\/gobiernos"]}]},{"@type":"BreadcrumbList","@id":"https:\/\/www.metacompliance.com\/es\/plataforma-human-risk-management-gestion-riesgos-humanos\/gobiernos#breadcrumb","itemListElement":[{"@type":"ListItem","position":1,"name":"Inicio","item":"https:\/\/www.metacompliance.com\/es"},{"@type":"ListItem","position":2,"name":"Plataforma de Human Risk Management","item":"https:\/\/www.metacompliance.com\/es\/plataforma-human-risk-management-gestion-riesgos-humanos"},{"@type":"ListItem","position":3,"name":"Gobiernos"}]},{"@type":"WebSite","@id":"https:\/\/www.metacompliance.com\/es#website","url":"https:\/\/www.metacompliance.com\/es","name":"MetaCompliance","description":"","potentialAction":[{"@type":"SearchAction","target":{"@type":"EntryPoint","urlTemplate":"https:\/\/www.metacompliance.com\/es?s={search_term_string}"},"query-input":{"@type":"PropertyValueSpecification","valueRequired":true,"valueName":"search_term_string"}}],"inLanguage":"es"}]}},"_links":{"self":[{"href":"https:\/\/www.metacompliance.com\/es\/wp-json\/wp\/v2\/pages\/88722","targetHints":{"allow":["GET"]}}],"collection":[{"href":"https:\/\/www.metacompliance.com\/es\/wp-json\/wp\/v2\/pages"}],"about":[{"href":"https:\/\/www.metacompliance.com\/es\/wp-json\/wp\/v2\/types\/page"}],"author":[{"embeddable":true,"href":"https:\/\/www.metacompliance.com\/es\/wp-json\/wp\/v2\/users\/3"}],"replies":[{"embeddable":true,"href":"https:\/\/www.metacompliance.com\/es\/wp-json\/wp\/v2\/comments?post=88722"}],"version-history":[{"count":0,"href":"https:\/\/www.metacompliance.com\/es\/wp-json\/wp\/v2\/pages\/88722\/revisions"}],"up":[{"embeddable":true,"href":"https:\/\/www.metacompliance.com\/es\/wp-json\/wp\/v2\/pages\/103802"}],"wp:attachment":[{"href":"https:\/\/www.metacompliance.com\/es\/wp-json\/wp\/v2\/media?parent=88722"}],"curies":[{"name":"wp","href":"https:\/\/api.w.org\/{rel}","templated":true}]}}