{"id":88802,"date":"2025-06-16T13:00:23","date_gmt":"2025-06-16T12:00:23","guid":{"rendered":"https:\/\/metacomp.wpenginepowered.com\/sector-educativo\/"},"modified":"2026-03-09T10:44:41","modified_gmt":"2026-03-09T10:44:41","slug":"sector-educativo","status":"publish","type":"page","link":"https:\/\/www.metacompliance.com\/es\/plataforma-human-risk-management-gestion-riesgos-humanos\/sector-educativo","title":{"rendered":"Sector educativo"},"content":{"rendered":"","protected":false},"excerpt":{"rendered":"","protected":false},"author":3,"featured_media":0,"parent":103802,"menu_order":0,"comment_status":"closed","ping_status":"closed","template":"","meta":{"_acf_changed":false,"content-type":"","_relevanssi_hide_post":"","_relevanssi_hide_content":"","_relevanssi_pin_for_all":"","_relevanssi_pin_keywords":"","_relevanssi_unpin_keywords":"","_relevanssi_related_keywords":"","_relevanssi_related_include_ids":"","_relevanssi_related_exclude_ids":"","_relevanssi_related_no_append":"","_relevanssi_related_not_related":"","_relevanssi_related_posts":"","_relevanssi_noindex_reason":"","inline_featured_image":false,"footnotes":""},"class_list":["post-88802","page","type-page","status-publish","hentry"],"acf":[],"yoast_head":"<!-- This site is optimized with the Yoast SEO plugin v27.4 - https:\/\/yoast.com\/product\/yoast-seo-wordpress\/ -->\n<title>Formaci\u00f3n en seguridad y ciberconcienciaci\u00f3n para la educaci\u00f3n | MetaCompliance<\/title>\n<meta name=\"description\" content=\"Proteja a los estudiantes, al personal y a la investigaci\u00f3n con una formaci\u00f3n de concienciaci\u00f3n sobre la seguridad centrada en el ser humano, el cumplimiento y el an\u00e1lisis de riesgos en una \u00fanica plataforma escalable. Reserve una demostraci\u00f3n.\" \/>\n<meta name=\"robots\" content=\"index, follow, max-snippet:-1, max-image-preview:large, max-video-preview:-1\" \/>\n<link rel=\"canonical\" href=\"https:\/\/www.metacompliance.com\/es\/plataforma-human-risk-management-gestion-riesgos-humanos\/sector-educativo\" \/>\n<meta property=\"og:locale\" content=\"es_ES\" \/>\n<meta property=\"og:type\" content=\"article\" \/>\n<meta property=\"og:title\" content=\"Formaci\u00f3n en seguridad y ciberconcienciaci\u00f3n para la educaci\u00f3n | MetaCompliance\" \/>\n<meta property=\"og:description\" content=\"Proteja a los estudiantes, al personal y a la investigaci\u00f3n con una formaci\u00f3n de concienciaci\u00f3n sobre la seguridad centrada en el ser humano, el cumplimiento y el an\u00e1lisis de riesgos en una \u00fanica plataforma escalable. Reserve una demostraci\u00f3n.\" \/>\n<meta property=\"og:url\" content=\"https:\/\/www.metacompliance.com\/es\/plataforma-human-risk-management-gestion-riesgos-humanos\/sector-educativo\" \/>\n<meta property=\"og:site_name\" content=\"MetaCompliance\" \/>\n<meta property=\"article:modified_time\" content=\"2026-03-09T10:44:41+00:00\" \/>\n<meta name=\"twitter:card\" content=\"summary_large_image\" \/>\n<script type=\"application\/ld+json\" class=\"yoast-schema-graph\">{\"@context\":\"https:\\\/\\\/schema.org\",\"@graph\":[{\"@type\":\"WebPage\",\"@id\":\"https:\\\/\\\/www.metacompliance.com\\\/es\\\/plataforma-human-risk-management-gestion-riesgos-humanos\\\/sector-educativo\",\"url\":\"https:\\\/\\\/www.metacompliance.com\\\/es\\\/plataforma-human-risk-management-gestion-riesgos-humanos\\\/sector-educativo\",\"name\":\"Formaci\u00f3n en seguridad y ciberconcienciaci\u00f3n para la educaci\u00f3n | MetaCompliance\",\"isPartOf\":{\"@id\":\"https:\\\/\\\/www.metacompliance.com\\\/es#website\"},\"datePublished\":\"2025-06-16T12:00:23+00:00\",\"dateModified\":\"2026-03-09T10:44:41+00:00\",\"description\":\"Proteja a los estudiantes, al personal y a la investigaci\u00f3n con una formaci\u00f3n de concienciaci\u00f3n sobre la seguridad centrada en el ser humano, el cumplimiento y el an\u00e1lisis de riesgos en una \u00fanica plataforma escalable. Reserve una demostraci\u00f3n.\",\"breadcrumb\":{\"@id\":\"https:\\\/\\\/www.metacompliance.com\\\/es\\\/plataforma-human-risk-management-gestion-riesgos-humanos\\\/sector-educativo#breadcrumb\"},\"inLanguage\":\"es\",\"potentialAction\":[{\"@type\":\"ReadAction\",\"target\":[\"https:\\\/\\\/www.metacompliance.com\\\/es\\\/plataforma-human-risk-management-gestion-riesgos-humanos\\\/sector-educativo\"]}]},{\"@type\":\"BreadcrumbList\",\"@id\":\"https:\\\/\\\/www.metacompliance.com\\\/es\\\/plataforma-human-risk-management-gestion-riesgos-humanos\\\/sector-educativo#breadcrumb\",\"itemListElement\":[{\"@type\":\"ListItem\",\"position\":1,\"name\":\"Inicio\",\"item\":\"https:\\\/\\\/www.metacompliance.com\\\/es\"},{\"@type\":\"ListItem\",\"position\":2,\"name\":\"Plataforma de Human Risk Management\",\"item\":\"https:\\\/\\\/www.metacompliance.com\\\/es\\\/plataforma-human-risk-management-gestion-riesgos-humanos\"},{\"@type\":\"ListItem\",\"position\":3,\"name\":\"Sector educativo\"}]},{\"@type\":\"WebSite\",\"@id\":\"https:\\\/\\\/www.metacompliance.com\\\/es#website\",\"url\":\"https:\\\/\\\/www.metacompliance.com\\\/es\",\"name\":\"MetaCompliance\",\"description\":\"\",\"potentialAction\":[{\"@type\":\"SearchAction\",\"target\":{\"@type\":\"EntryPoint\",\"urlTemplate\":\"https:\\\/\\\/www.metacompliance.com\\\/es?s={search_term_string}\"},\"query-input\":{\"@type\":\"PropertyValueSpecification\",\"valueRequired\":true,\"valueName\":\"search_term_string\"}}],\"inLanguage\":\"es\"}]}<\/script>\n<!-- \/ Yoast SEO plugin. -->","yoast_head_json":{"title":"Formaci\u00f3n en seguridad y ciberconcienciaci\u00f3n para la educaci\u00f3n | MetaCompliance","description":"Proteja a los estudiantes, al personal y a la investigaci\u00f3n con una formaci\u00f3n de concienciaci\u00f3n sobre la seguridad centrada en el ser humano, el cumplimiento y el an\u00e1lisis de riesgos en una \u00fanica plataforma escalable. Reserve una demostraci\u00f3n.","robots":{"index":"index","follow":"follow","max-snippet":"max-snippet:-1","max-image-preview":"max-image-preview:large","max-video-preview":"max-video-preview:-1"},"canonical":"https:\/\/www.metacompliance.com\/es\/plataforma-human-risk-management-gestion-riesgos-humanos\/sector-educativo","og_locale":"es_ES","og_type":"article","og_title":"Formaci\u00f3n en seguridad y ciberconcienciaci\u00f3n para la educaci\u00f3n | MetaCompliance","og_description":"Proteja a los estudiantes, al personal y a la investigaci\u00f3n con una formaci\u00f3n de concienciaci\u00f3n sobre la seguridad centrada en el ser humano, el cumplimiento y el an\u00e1lisis de riesgos en una \u00fanica plataforma escalable. Reserve una demostraci\u00f3n.","og_url":"https:\/\/www.metacompliance.com\/es\/plataforma-human-risk-management-gestion-riesgos-humanos\/sector-educativo","og_site_name":"MetaCompliance","article_modified_time":"2026-03-09T10:44:41+00:00","twitter_card":"summary_large_image","schema":{"@context":"https:\/\/schema.org","@graph":[{"@type":"WebPage","@id":"https:\/\/www.metacompliance.com\/es\/plataforma-human-risk-management-gestion-riesgos-humanos\/sector-educativo","url":"https:\/\/www.metacompliance.com\/es\/plataforma-human-risk-management-gestion-riesgos-humanos\/sector-educativo","name":"Formaci\u00f3n en seguridad y ciberconcienciaci\u00f3n para la educaci\u00f3n | MetaCompliance","isPartOf":{"@id":"https:\/\/www.metacompliance.com\/es#website"},"datePublished":"2025-06-16T12:00:23+00:00","dateModified":"2026-03-09T10:44:41+00:00","description":"Proteja a los estudiantes, al personal y a la investigaci\u00f3n con una formaci\u00f3n de concienciaci\u00f3n sobre la seguridad centrada en el ser humano, el cumplimiento y el an\u00e1lisis de riesgos en una \u00fanica plataforma escalable. Reserve una demostraci\u00f3n.","breadcrumb":{"@id":"https:\/\/www.metacompliance.com\/es\/plataforma-human-risk-management-gestion-riesgos-humanos\/sector-educativo#breadcrumb"},"inLanguage":"es","potentialAction":[{"@type":"ReadAction","target":["https:\/\/www.metacompliance.com\/es\/plataforma-human-risk-management-gestion-riesgos-humanos\/sector-educativo"]}]},{"@type":"BreadcrumbList","@id":"https:\/\/www.metacompliance.com\/es\/plataforma-human-risk-management-gestion-riesgos-humanos\/sector-educativo#breadcrumb","itemListElement":[{"@type":"ListItem","position":1,"name":"Inicio","item":"https:\/\/www.metacompliance.com\/es"},{"@type":"ListItem","position":2,"name":"Plataforma de Human Risk Management","item":"https:\/\/www.metacompliance.com\/es\/plataforma-human-risk-management-gestion-riesgos-humanos"},{"@type":"ListItem","position":3,"name":"Sector educativo"}]},{"@type":"WebSite","@id":"https:\/\/www.metacompliance.com\/es#website","url":"https:\/\/www.metacompliance.com\/es","name":"MetaCompliance","description":"","potentialAction":[{"@type":"SearchAction","target":{"@type":"EntryPoint","urlTemplate":"https:\/\/www.metacompliance.com\/es?s={search_term_string}"},"query-input":{"@type":"PropertyValueSpecification","valueRequired":true,"valueName":"search_term_string"}}],"inLanguage":"es"}]}},"_links":{"self":[{"href":"https:\/\/www.metacompliance.com\/es\/wp-json\/wp\/v2\/pages\/88802","targetHints":{"allow":["GET"]}}],"collection":[{"href":"https:\/\/www.metacompliance.com\/es\/wp-json\/wp\/v2\/pages"}],"about":[{"href":"https:\/\/www.metacompliance.com\/es\/wp-json\/wp\/v2\/types\/page"}],"author":[{"embeddable":true,"href":"https:\/\/www.metacompliance.com\/es\/wp-json\/wp\/v2\/users\/3"}],"replies":[{"embeddable":true,"href":"https:\/\/www.metacompliance.com\/es\/wp-json\/wp\/v2\/comments?post=88802"}],"version-history":[{"count":0,"href":"https:\/\/www.metacompliance.com\/es\/wp-json\/wp\/v2\/pages\/88802\/revisions"}],"up":[{"embeddable":true,"href":"https:\/\/www.metacompliance.com\/es\/wp-json\/wp\/v2\/pages\/103802"}],"wp:attachment":[{"href":"https:\/\/www.metacompliance.com\/es\/wp-json\/wp\/v2\/media?parent=88802"}],"curies":[{"name":"wp","href":"https:\/\/api.w.org\/{rel}","templated":true}]}}