{"id":89307,"date":"2025-05-22T14:03:26","date_gmt":"2025-05-22T13:03:26","guid":{"rendered":"https:\/\/metacomp.wpenginepowered.com\/info-hub\/"},"modified":"2026-03-31T11:44:20","modified_gmt":"2026-03-31T10:44:20","slug":"recursos","status":"publish","type":"page","link":"https:\/\/www.metacompliance.com\/es\/recursos","title":{"rendered":"Recursos"},"content":{"rendered":"","protected":false},"excerpt":{"rendered":"","protected":false},"author":1,"featured_media":0,"parent":0,"menu_order":0,"comment_status":"closed","ping_status":"closed","template":"template-posts.php","meta":{"_acf_changed":false,"content-type":"","_relevanssi_hide_post":"","_relevanssi_hide_content":"","_relevanssi_pin_for_all":"","_relevanssi_pin_keywords":"","_relevanssi_unpin_keywords":"","_relevanssi_related_keywords":"","_relevanssi_related_include_ids":"","_relevanssi_related_exclude_ids":"","_relevanssi_related_no_append":"","_relevanssi_related_not_related":"","_relevanssi_related_posts":"","_relevanssi_noindex_reason":"","inline_featured_image":false,"footnotes":""},"class_list":["post-89307","page","type-page","status-publish","hentry"],"acf":[],"yoast_head":"<!-- This site is optimized with the Yoast SEO plugin v27.4 - https:\/\/yoast.com\/product\/yoast-seo-wordpress\/ -->\n<title>Recursos gratuitos de ciberseguridad y gu\u00edas \u00fatiles<\/title>\n<meta name=\"description\" content=\"Acceda a recursos gratuitos y gu\u00edas pr\u00e1cticas de ciberseguridad para formar a sus empleados y mejorar significativamente su protecci\u00f3n digital.\" \/>\n<meta name=\"robots\" content=\"index, follow, max-snippet:-1, max-image-preview:large, max-video-preview:-1\" \/>\n<link rel=\"canonical\" href=\"https:\/\/www.metacompliance.com\/es\/recursos\" \/>\n<meta property=\"og:locale\" content=\"es_ES\" \/>\n<meta property=\"og:type\" content=\"article\" \/>\n<meta property=\"og:title\" content=\"Recursos gratuitos de ciberseguridad y gu\u00edas \u00fatiles\" \/>\n<meta property=\"og:description\" content=\"Acceda a recursos gratuitos y gu\u00edas pr\u00e1cticas de ciberseguridad para formar a sus empleados y mejorar significativamente su protecci\u00f3n digital.\" \/>\n<meta property=\"og:url\" content=\"https:\/\/www.metacompliance.com\/es\/recursos\" \/>\n<meta property=\"og:site_name\" content=\"MetaCompliance\" \/>\n<meta property=\"article:modified_time\" content=\"2026-03-31T10:44:20+00:00\" \/>\n<meta name=\"twitter:card\" content=\"summary_large_image\" \/>\n<script type=\"application\/ld+json\" class=\"yoast-schema-graph\">{\"@context\":\"https:\\\/\\\/schema.org\",\"@graph\":[{\"@type\":\"WebPage\",\"@id\":\"https:\\\/\\\/www.metacompliance.com\\\/es\\\/recursos\",\"url\":\"https:\\\/\\\/www.metacompliance.com\\\/es\\\/recursos\",\"name\":\"Recursos gratuitos de ciberseguridad y gu\u00edas \u00fatiles\",\"isPartOf\":{\"@id\":\"https:\\\/\\\/www.metacompliance.com\\\/es#website\"},\"datePublished\":\"2025-05-22T13:03:26+00:00\",\"dateModified\":\"2026-03-31T10:44:20+00:00\",\"description\":\"Acceda a recursos gratuitos y gu\u00edas pr\u00e1cticas de ciberseguridad para formar a sus empleados y mejorar significativamente su protecci\u00f3n digital.\",\"breadcrumb\":{\"@id\":\"https:\\\/\\\/www.metacompliance.com\\\/es\\\/recursos#breadcrumb\"},\"inLanguage\":\"es\",\"potentialAction\":[{\"@type\":\"ReadAction\",\"target\":[\"https:\\\/\\\/www.metacompliance.com\\\/es\\\/recursos\"]}]},{\"@type\":\"BreadcrumbList\",\"@id\":\"https:\\\/\\\/www.metacompliance.com\\\/es\\\/recursos#breadcrumb\",\"itemListElement\":[{\"@type\":\"ListItem\",\"position\":1,\"name\":\"Inicio\",\"item\":\"https:\\\/\\\/www.metacompliance.com\\\/es\"},{\"@type\":\"ListItem\",\"position\":2,\"name\":\"Recursos\"}]},{\"@type\":\"WebSite\",\"@id\":\"https:\\\/\\\/www.metacompliance.com\\\/es#website\",\"url\":\"https:\\\/\\\/www.metacompliance.com\\\/es\",\"name\":\"MetaCompliance\",\"description\":\"\",\"potentialAction\":[{\"@type\":\"SearchAction\",\"target\":{\"@type\":\"EntryPoint\",\"urlTemplate\":\"https:\\\/\\\/www.metacompliance.com\\\/es?s={search_term_string}\"},\"query-input\":{\"@type\":\"PropertyValueSpecification\",\"valueRequired\":true,\"valueName\":\"search_term_string\"}}],\"inLanguage\":\"es\"}]}<\/script>\n<!-- \/ Yoast SEO plugin. -->","yoast_head_json":{"title":"Recursos gratuitos de ciberseguridad y gu\u00edas \u00fatiles","description":"Acceda a recursos gratuitos y gu\u00edas pr\u00e1cticas de ciberseguridad para formar a sus empleados y mejorar significativamente su protecci\u00f3n digital.","robots":{"index":"index","follow":"follow","max-snippet":"max-snippet:-1","max-image-preview":"max-image-preview:large","max-video-preview":"max-video-preview:-1"},"canonical":"https:\/\/www.metacompliance.com\/es\/recursos","og_locale":"es_ES","og_type":"article","og_title":"Recursos gratuitos de ciberseguridad y gu\u00edas \u00fatiles","og_description":"Acceda a recursos gratuitos y gu\u00edas pr\u00e1cticas de ciberseguridad para formar a sus empleados y mejorar significativamente su protecci\u00f3n digital.","og_url":"https:\/\/www.metacompliance.com\/es\/recursos","og_site_name":"MetaCompliance","article_modified_time":"2026-03-31T10:44:20+00:00","twitter_card":"summary_large_image","schema":{"@context":"https:\/\/schema.org","@graph":[{"@type":"WebPage","@id":"https:\/\/www.metacompliance.com\/es\/recursos","url":"https:\/\/www.metacompliance.com\/es\/recursos","name":"Recursos gratuitos de ciberseguridad y gu\u00edas \u00fatiles","isPartOf":{"@id":"https:\/\/www.metacompliance.com\/es#website"},"datePublished":"2025-05-22T13:03:26+00:00","dateModified":"2026-03-31T10:44:20+00:00","description":"Acceda a recursos gratuitos y gu\u00edas pr\u00e1cticas de ciberseguridad para formar a sus empleados y mejorar significativamente su protecci\u00f3n digital.","breadcrumb":{"@id":"https:\/\/www.metacompliance.com\/es\/recursos#breadcrumb"},"inLanguage":"es","potentialAction":[{"@type":"ReadAction","target":["https:\/\/www.metacompliance.com\/es\/recursos"]}]},{"@type":"BreadcrumbList","@id":"https:\/\/www.metacompliance.com\/es\/recursos#breadcrumb","itemListElement":[{"@type":"ListItem","position":1,"name":"Inicio","item":"https:\/\/www.metacompliance.com\/es"},{"@type":"ListItem","position":2,"name":"Recursos"}]},{"@type":"WebSite","@id":"https:\/\/www.metacompliance.com\/es#website","url":"https:\/\/www.metacompliance.com\/es","name":"MetaCompliance","description":"","potentialAction":[{"@type":"SearchAction","target":{"@type":"EntryPoint","urlTemplate":"https:\/\/www.metacompliance.com\/es?s={search_term_string}"},"query-input":{"@type":"PropertyValueSpecification","valueRequired":true,"valueName":"search_term_string"}}],"inLanguage":"es"}]}},"_links":{"self":[{"href":"https:\/\/www.metacompliance.com\/es\/wp-json\/wp\/v2\/pages\/89307","targetHints":{"allow":["GET"]}}],"collection":[{"href":"https:\/\/www.metacompliance.com\/es\/wp-json\/wp\/v2\/pages"}],"about":[{"href":"https:\/\/www.metacompliance.com\/es\/wp-json\/wp\/v2\/types\/page"}],"author":[{"embeddable":true,"href":"https:\/\/www.metacompliance.com\/es\/wp-json\/wp\/v2\/users\/1"}],"replies":[{"embeddable":true,"href":"https:\/\/www.metacompliance.com\/es\/wp-json\/wp\/v2\/comments?post=89307"}],"version-history":[{"count":0,"href":"https:\/\/www.metacompliance.com\/es\/wp-json\/wp\/v2\/pages\/89307\/revisions"}],"wp:attachment":[{"href":"https:\/\/www.metacompliance.com\/es\/wp-json\/wp\/v2\/media?parent=89307"}],"curies":[{"name":"wp","href":"https:\/\/api.w.org\/{rel}","templated":true}]}}