{"id":103795,"date":"2025-09-02T16:08:02","date_gmt":"2025-09-02T15:08:02","guid":{"rendered":"https:\/\/metacomp.wpenginepowered.com\/?page_id=103795"},"modified":"2026-03-31T11:13:56","modified_gmt":"2026-03-31T10:13:56","slug":"intelligence-des-risques-risk-intelligence-analytics","status":"publish","type":"page","link":"https:\/\/www.metacompliance.com\/fr\/intelligence-des-risques-risk-intelligence-analytics","title":{"rendered":"Intelligence et analyse des risques"},"content":{"rendered":"","protected":false},"excerpt":{"rendered":"","protected":false},"author":4,"featured_media":0,"parent":0,"menu_order":0,"comment_status":"closed","ping_status":"closed","template":"","meta":{"_acf_changed":false,"content-type":"","_relevanssi_hide_post":"","_relevanssi_hide_content":"","_relevanssi_pin_for_all":"","_relevanssi_pin_keywords":"","_relevanssi_unpin_keywords":"","_relevanssi_related_keywords":"","_relevanssi_related_include_ids":"","_relevanssi_related_exclude_ids":"","_relevanssi_related_no_append":"","_relevanssi_related_not_related":"","_relevanssi_related_posts":"","_relevanssi_noindex_reason":"","inline_featured_image":false,"footnotes":""},"class_list":["post-103795","page","type-page","status-publish","hentry"],"acf":[],"yoast_head":"<!-- This site is optimized with the Yoast SEO plugin v27.2 - https:\/\/yoast.com\/product\/yoast-seo-wordpress\/ -->\n<title>Intelligence des Risques et Analyse | MetaCompliance<\/title>\n<meta name=\"description\" content=\"Transformez les donn\u00e9es comportementales en informations gr\u00e2ce \u00e0 l&#039;analyse des risques centr\u00e9e sur l&#039;humain, \u00e0 l&#039;intelligence de la conformit\u00e9 et \u00e0 l&#039;automatisation \u00e0 grande \u00e9chelle. R\u00e9duisez le risque humain. R\u00e9servez une d\u00e9monstration.\" \/>\n<meta name=\"robots\" content=\"index, follow, max-snippet:-1, max-image-preview:large, max-video-preview:-1\" \/>\n<link rel=\"canonical\" href=\"https:\/\/www.metacompliance.com\/fr\/intelligence-des-risques-risk-intelligence-analytics\" \/>\n<meta property=\"og:locale\" content=\"fr_FR\" \/>\n<meta property=\"og:type\" content=\"article\" \/>\n<meta property=\"og:title\" content=\"Intelligence des Risques et Analyse | MetaCompliance\" \/>\n<meta property=\"og:description\" content=\"Transformez les donn\u00e9es comportementales en informations gr\u00e2ce \u00e0 l&#039;analyse des risques centr\u00e9e sur l&#039;humain, \u00e0 l&#039;intelligence de la conformit\u00e9 et \u00e0 l&#039;automatisation \u00e0 grande \u00e9chelle. R\u00e9duisez le risque humain. R\u00e9servez une d\u00e9monstration.\" \/>\n<meta property=\"og:url\" content=\"https:\/\/www.metacompliance.com\/fr\/intelligence-des-risques-risk-intelligence-analytics\" \/>\n<meta property=\"og:site_name\" content=\"MetaCompliance\" \/>\n<meta property=\"article:modified_time\" content=\"2026-03-31T10:13:56+00:00\" \/>\n<meta name=\"twitter:card\" content=\"summary_large_image\" \/>\n<meta name=\"twitter:label1\" content=\"Est. reading time\" \/>\n\t<meta name=\"twitter:data1\" content=\"9 minutes\" \/>\n<script type=\"application\/ld+json\" class=\"yoast-schema-graph\">{\"@context\":\"https:\/\/schema.org\",\"@graph\":[{\"@type\":\"WebPage\",\"@id\":\"https:\/\/www.metacompliance.com\/fr\/intelligence-des-risques-risk-intelligence-analytics\",\"url\":\"https:\/\/www.metacompliance.com\/fr\/intelligence-des-risques-risk-intelligence-analytics\",\"name\":\"Intelligence des Risques et Analyse | MetaCompliance\",\"isPartOf\":{\"@id\":\"https:\/\/www.metacompliance.com\/fr#website\"},\"datePublished\":\"2025-09-02T15:08:02+00:00\",\"dateModified\":\"2026-03-31T10:13:56+00:00\",\"description\":\"Transformez les donn\u00e9es comportementales en informations gr\u00e2ce \u00e0 l'analyse des risques centr\u00e9e sur l'humain, \u00e0 l'intelligence de la conformit\u00e9 et \u00e0 l'automatisation \u00e0 grande \u00e9chelle. R\u00e9duisez le risque humain. R\u00e9servez une d\u00e9monstration.\",\"breadcrumb\":{\"@id\":\"https:\/\/www.metacompliance.com\/fr\/intelligence-des-risques-risk-intelligence-analytics#breadcrumb\"},\"inLanguage\":\"fr-FR\",\"potentialAction\":[{\"@type\":\"ReadAction\",\"target\":[\"https:\/\/www.metacompliance.com\/fr\/intelligence-des-risques-risk-intelligence-analytics\"]}]},{\"@type\":\"BreadcrumbList\",\"@id\":\"https:\/\/www.metacompliance.com\/fr\/intelligence-des-risques-risk-intelligence-analytics#breadcrumb\",\"itemListElement\":[{\"@type\":\"ListItem\",\"position\":1,\"name\":\"Accueil\",\"item\":\"https:\/\/www.metacompliance.com\/fr\"},{\"@type\":\"ListItem\",\"position\":2,\"name\":\"Intelligence et analyse des risques\"}]},{\"@type\":\"WebSite\",\"@id\":\"https:\/\/www.metacompliance.com\/fr#website\",\"url\":\"https:\/\/www.metacompliance.com\/fr\",\"name\":\"MetaCompliance\",\"description\":\"\",\"potentialAction\":[{\"@type\":\"SearchAction\",\"target\":{\"@type\":\"EntryPoint\",\"urlTemplate\":\"https:\/\/www.metacompliance.com\/fr?s={search_term_string}\"},\"query-input\":{\"@type\":\"PropertyValueSpecification\",\"valueRequired\":true,\"valueName\":\"search_term_string\"}}],\"inLanguage\":\"fr-FR\"}]}<\/script>\n<!-- \/ Yoast SEO plugin. -->","yoast_head_json":{"title":"Intelligence des Risques et Analyse | MetaCompliance","description":"Transformez les donn\u00e9es comportementales en informations gr\u00e2ce \u00e0 l'analyse des risques centr\u00e9e sur l'humain, \u00e0 l'intelligence de la conformit\u00e9 et \u00e0 l'automatisation \u00e0 grande \u00e9chelle. R\u00e9duisez le risque humain. R\u00e9servez une d\u00e9monstration.","robots":{"index":"index","follow":"follow","max-snippet":"max-snippet:-1","max-image-preview":"max-image-preview:large","max-video-preview":"max-video-preview:-1"},"canonical":"https:\/\/www.metacompliance.com\/fr\/intelligence-des-risques-risk-intelligence-analytics","og_locale":"fr_FR","og_type":"article","og_title":"Intelligence des Risques et Analyse | MetaCompliance","og_description":"Transformez les donn\u00e9es comportementales en informations gr\u00e2ce \u00e0 l'analyse des risques centr\u00e9e sur l'humain, \u00e0 l'intelligence de la conformit\u00e9 et \u00e0 l'automatisation \u00e0 grande \u00e9chelle. R\u00e9duisez le risque humain. R\u00e9servez une d\u00e9monstration.","og_url":"https:\/\/www.metacompliance.com\/fr\/intelligence-des-risques-risk-intelligence-analytics","og_site_name":"MetaCompliance","article_modified_time":"2026-03-31T10:13:56+00:00","twitter_card":"summary_large_image","twitter_misc":{"Est. reading time":"9 minutes"},"schema":{"@context":"https:\/\/schema.org","@graph":[{"@type":"WebPage","@id":"https:\/\/www.metacompliance.com\/fr\/intelligence-des-risques-risk-intelligence-analytics","url":"https:\/\/www.metacompliance.com\/fr\/intelligence-des-risques-risk-intelligence-analytics","name":"Intelligence des Risques et Analyse | MetaCompliance","isPartOf":{"@id":"https:\/\/www.metacompliance.com\/fr#website"},"datePublished":"2025-09-02T15:08:02+00:00","dateModified":"2026-03-31T10:13:56+00:00","description":"Transformez les donn\u00e9es comportementales en informations gr\u00e2ce \u00e0 l'analyse des risques centr\u00e9e sur l'humain, \u00e0 l'intelligence de la conformit\u00e9 et \u00e0 l'automatisation \u00e0 grande \u00e9chelle. R\u00e9duisez le risque humain. R\u00e9servez une d\u00e9monstration.","breadcrumb":{"@id":"https:\/\/www.metacompliance.com\/fr\/intelligence-des-risques-risk-intelligence-analytics#breadcrumb"},"inLanguage":"fr-FR","potentialAction":[{"@type":"ReadAction","target":["https:\/\/www.metacompliance.com\/fr\/intelligence-des-risques-risk-intelligence-analytics"]}]},{"@type":"BreadcrumbList","@id":"https:\/\/www.metacompliance.com\/fr\/intelligence-des-risques-risk-intelligence-analytics#breadcrumb","itemListElement":[{"@type":"ListItem","position":1,"name":"Accueil","item":"https:\/\/www.metacompliance.com\/fr"},{"@type":"ListItem","position":2,"name":"Intelligence et analyse des risques"}]},{"@type":"WebSite","@id":"https:\/\/www.metacompliance.com\/fr#website","url":"https:\/\/www.metacompliance.com\/fr","name":"MetaCompliance","description":"","potentialAction":[{"@type":"SearchAction","target":{"@type":"EntryPoint","urlTemplate":"https:\/\/www.metacompliance.com\/fr?s={search_term_string}"},"query-input":{"@type":"PropertyValueSpecification","valueRequired":true,"valueName":"search_term_string"}}],"inLanguage":"fr-FR"}]}},"_links":{"self":[{"href":"https:\/\/www.metacompliance.com\/fr\/wp-json\/wp\/v2\/pages\/103795","targetHints":{"allow":["GET"]}}],"collection":[{"href":"https:\/\/www.metacompliance.com\/fr\/wp-json\/wp\/v2\/pages"}],"about":[{"href":"https:\/\/www.metacompliance.com\/fr\/wp-json\/wp\/v2\/types\/page"}],"author":[{"embeddable":true,"href":"https:\/\/www.metacompliance.com\/fr\/wp-json\/wp\/v2\/users\/4"}],"replies":[{"embeddable":true,"href":"https:\/\/www.metacompliance.com\/fr\/wp-json\/wp\/v2\/comments?post=103795"}],"version-history":[{"count":0,"href":"https:\/\/www.metacompliance.com\/fr\/wp-json\/wp\/v2\/pages\/103795\/revisions"}],"wp:attachment":[{"href":"https:\/\/www.metacompliance.com\/fr\/wp-json\/wp\/v2\/media?parent=103795"}],"curies":[{"name":"wp","href":"https:\/\/api.w.org\/{rel}","templated":true}]}}