{"id":108352,"date":"2025-09-18T15:09:42","date_gmt":"2025-09-18T14:09:42","guid":{"rendered":"https:\/\/metacomp.wpenginepowered.com\/thank-you-cyber-security-awareness-for-dummies"},"modified":"2025-09-19T14:27:07","modified_gmt":"2025-09-19T13:27:07","slug":"merci-au-cyber-securite-sensibilisation-pour-les-petits-monsieurs","status":"publish","type":"page","link":"https:\/\/www.metacompliance.com\/fr\/merci-au-cyber-securite-sensibilisation-pour-les-petits-monsieurs","title":{"rendered":"Merci Cyber Security Awareness for Dummies (sensibilisation \u00e0 la cybers\u00e9curit\u00e9 pour les nuls)"},"content":{"rendered":"","protected":false},"excerpt":{"rendered":"","protected":false},"author":4,"featured_media":0,"parent":0,"menu_order":0,"comment_status":"closed","ping_status":"closed","template":"","meta":{"_acf_changed":false,"content-type":"","_relevanssi_hide_post":"","_relevanssi_hide_content":"","_relevanssi_pin_for_all":"","_relevanssi_pin_keywords":"","_relevanssi_unpin_keywords":"","_relevanssi_related_keywords":"","_relevanssi_related_include_ids":"","_relevanssi_related_exclude_ids":"","_relevanssi_related_no_append":"","_relevanssi_related_not_related":"","_relevanssi_related_posts":"","_relevanssi_noindex_reason":"","inline_featured_image":false,"footnotes":""},"class_list":["post-108352","page","type-page","status-publish","hentry"],"acf":[],"yoast_head":"<!-- This site is optimized with the Yoast SEO plugin v27.2 - https:\/\/yoast.com\/product\/yoast-seo-wordpress\/ -->\n<title>Merci Cyber Security Awareness for Dummies (sensibilisation \u00e0 la cybers\u00e9curit\u00e9 pour les nuls) - MetaCompliance<\/title>\n<meta name=\"robots\" content=\"index, follow, max-snippet:-1, max-image-preview:large, max-video-preview:-1\" \/>\n<link rel=\"canonical\" href=\"https:\/\/www.metacompliance.com\/fr\/merci-au-cyber-securite-sensibilisation-pour-les-petits-monsieurs\" \/>\n<meta property=\"og:locale\" content=\"fr_FR\" \/>\n<meta property=\"og:type\" content=\"article\" \/>\n<meta property=\"og:title\" content=\"Merci Cyber Security Awareness for Dummies (sensibilisation \u00e0 la cybers\u00e9curit\u00e9 pour les nuls) - MetaCompliance\" \/>\n<meta property=\"og:url\" content=\"https:\/\/www.metacompliance.com\/fr\/merci-au-cyber-securite-sensibilisation-pour-les-petits-monsieurs\" \/>\n<meta property=\"og:site_name\" content=\"MetaCompliance\" \/>\n<meta property=\"article:modified_time\" content=\"2025-09-19T13:27:07+00:00\" \/>\n<meta name=\"twitter:card\" content=\"summary_large_image\" \/>\n<script type=\"application\/ld+json\" class=\"yoast-schema-graph\">{\"@context\":\"https:\/\/schema.org\",\"@graph\":[{\"@type\":\"WebPage\",\"@id\":\"https:\/\/www.metacompliance.com\/fr\/merci-au-cyber-securite-sensibilisation-pour-les-petits-monsieurs\",\"url\":\"https:\/\/www.metacompliance.com\/fr\/merci-au-cyber-securite-sensibilisation-pour-les-petits-monsieurs\",\"name\":\"Merci Cyber Security Awareness for Dummies (sensibilisation \u00e0 la cybers\u00e9curit\u00e9 pour les nuls) - MetaCompliance\",\"isPartOf\":{\"@id\":\"https:\/\/www.metacompliance.com\/fr#website\"},\"datePublished\":\"2025-09-18T14:09:42+00:00\",\"dateModified\":\"2025-09-19T13:27:07+00:00\",\"breadcrumb\":{\"@id\":\"https:\/\/www.metacompliance.com\/fr\/merci-au-cyber-securite-sensibilisation-pour-les-petits-monsieurs#breadcrumb\"},\"inLanguage\":\"fr-FR\",\"potentialAction\":[{\"@type\":\"ReadAction\",\"target\":[\"https:\/\/www.metacompliance.com\/fr\/merci-au-cyber-securite-sensibilisation-pour-les-petits-monsieurs\"]}]},{\"@type\":\"BreadcrumbList\",\"@id\":\"https:\/\/www.metacompliance.com\/fr\/merci-au-cyber-securite-sensibilisation-pour-les-petits-monsieurs#breadcrumb\",\"itemListElement\":[{\"@type\":\"ListItem\",\"position\":1,\"name\":\"Accueil\",\"item\":\"https:\/\/www.metacompliance.com\/fr\"},{\"@type\":\"ListItem\",\"position\":2,\"name\":\"Merci Cyber Security Awareness for Dummies (sensibilisation \u00e0 la cybers\u00e9curit\u00e9 pour les nuls)\"}]},{\"@type\":\"WebSite\",\"@id\":\"https:\/\/www.metacompliance.com\/fr#website\",\"url\":\"https:\/\/www.metacompliance.com\/fr\",\"name\":\"MetaCompliance\",\"description\":\"\",\"potentialAction\":[{\"@type\":\"SearchAction\",\"target\":{\"@type\":\"EntryPoint\",\"urlTemplate\":\"https:\/\/www.metacompliance.com\/fr?s={search_term_string}\"},\"query-input\":{\"@type\":\"PropertyValueSpecification\",\"valueRequired\":true,\"valueName\":\"search_term_string\"}}],\"inLanguage\":\"fr-FR\"}]}<\/script>\n<!-- \/ Yoast SEO plugin. -->","yoast_head_json":{"title":"Merci Cyber Security Awareness for Dummies (sensibilisation \u00e0 la cybers\u00e9curit\u00e9 pour les nuls) - MetaCompliance","robots":{"index":"index","follow":"follow","max-snippet":"max-snippet:-1","max-image-preview":"max-image-preview:large","max-video-preview":"max-video-preview:-1"},"canonical":"https:\/\/www.metacompliance.com\/fr\/merci-au-cyber-securite-sensibilisation-pour-les-petits-monsieurs","og_locale":"fr_FR","og_type":"article","og_title":"Merci Cyber Security Awareness for Dummies (sensibilisation \u00e0 la cybers\u00e9curit\u00e9 pour les nuls) - MetaCompliance","og_url":"https:\/\/www.metacompliance.com\/fr\/merci-au-cyber-securite-sensibilisation-pour-les-petits-monsieurs","og_site_name":"MetaCompliance","article_modified_time":"2025-09-19T13:27:07+00:00","twitter_card":"summary_large_image","schema":{"@context":"https:\/\/schema.org","@graph":[{"@type":"WebPage","@id":"https:\/\/www.metacompliance.com\/fr\/merci-au-cyber-securite-sensibilisation-pour-les-petits-monsieurs","url":"https:\/\/www.metacompliance.com\/fr\/merci-au-cyber-securite-sensibilisation-pour-les-petits-monsieurs","name":"Merci Cyber Security Awareness for Dummies (sensibilisation \u00e0 la cybers\u00e9curit\u00e9 pour les nuls) - MetaCompliance","isPartOf":{"@id":"https:\/\/www.metacompliance.com\/fr#website"},"datePublished":"2025-09-18T14:09:42+00:00","dateModified":"2025-09-19T13:27:07+00:00","breadcrumb":{"@id":"https:\/\/www.metacompliance.com\/fr\/merci-au-cyber-securite-sensibilisation-pour-les-petits-monsieurs#breadcrumb"},"inLanguage":"fr-FR","potentialAction":[{"@type":"ReadAction","target":["https:\/\/www.metacompliance.com\/fr\/merci-au-cyber-securite-sensibilisation-pour-les-petits-monsieurs"]}]},{"@type":"BreadcrumbList","@id":"https:\/\/www.metacompliance.com\/fr\/merci-au-cyber-securite-sensibilisation-pour-les-petits-monsieurs#breadcrumb","itemListElement":[{"@type":"ListItem","position":1,"name":"Accueil","item":"https:\/\/www.metacompliance.com\/fr"},{"@type":"ListItem","position":2,"name":"Merci Cyber Security Awareness for Dummies (sensibilisation \u00e0 la cybers\u00e9curit\u00e9 pour les nuls)"}]},{"@type":"WebSite","@id":"https:\/\/www.metacompliance.com\/fr#website","url":"https:\/\/www.metacompliance.com\/fr","name":"MetaCompliance","description":"","potentialAction":[{"@type":"SearchAction","target":{"@type":"EntryPoint","urlTemplate":"https:\/\/www.metacompliance.com\/fr?s={search_term_string}"},"query-input":{"@type":"PropertyValueSpecification","valueRequired":true,"valueName":"search_term_string"}}],"inLanguage":"fr-FR"}]}},"_links":{"self":[{"href":"https:\/\/www.metacompliance.com\/fr\/wp-json\/wp\/v2\/pages\/108352","targetHints":{"allow":["GET"]}}],"collection":[{"href":"https:\/\/www.metacompliance.com\/fr\/wp-json\/wp\/v2\/pages"}],"about":[{"href":"https:\/\/www.metacompliance.com\/fr\/wp-json\/wp\/v2\/types\/page"}],"author":[{"embeddable":true,"href":"https:\/\/www.metacompliance.com\/fr\/wp-json\/wp\/v2\/users\/4"}],"replies":[{"embeddable":true,"href":"https:\/\/www.metacompliance.com\/fr\/wp-json\/wp\/v2\/comments?post=108352"}],"version-history":[{"count":0,"href":"https:\/\/www.metacompliance.com\/fr\/wp-json\/wp\/v2\/pages\/108352\/revisions"}],"wp:attachment":[{"href":"https:\/\/www.metacompliance.com\/fr\/wp-json\/wp\/v2\/media?parent=108352"}],"curies":[{"name":"wp","href":"https:\/\/api.w.org\/{rel}","templated":true}]}}