{"id":110457,"date":"2025-10-23T12:21:39","date_gmt":"2025-10-23T11:21:39","guid":{"rendered":"https:\/\/www.metacompliance.com\/?page_id=110457"},"modified":"2026-01-09T10:50:00","modified_gmt":"2026-01-09T10:50:00","slug":"demander-une-demonstration","status":"publish","type":"page","link":"https:\/\/www.metacompliance.com\/fr\/demander-une-demonstration","title":{"rendered":"Obtenir une d\u00e9mo"},"content":{"rendered":"","protected":false},"excerpt":{"rendered":"","protected":false},"author":10,"featured_media":0,"parent":0,"menu_order":0,"comment_status":"closed","ping_status":"closed","template":"","meta":{"_acf_changed":false,"content-type":"","_relevanssi_hide_post":"","_relevanssi_hide_content":"","_relevanssi_pin_for_all":"","_relevanssi_pin_keywords":"","_relevanssi_unpin_keywords":"","_relevanssi_related_keywords":"","_relevanssi_related_include_ids":"","_relevanssi_related_exclude_ids":"","_relevanssi_related_no_append":"","_relevanssi_related_not_related":"","_relevanssi_related_posts":"","_relevanssi_noindex_reason":"","inline_featured_image":false,"footnotes":""},"class_list":["post-110457","page","type-page","status-publish","hentry"],"acf":[],"yoast_head":"<!-- This site is optimized with the Yoast SEO plugin v27.4 - https:\/\/yoast.com\/product\/yoast-seo-wordpress\/ -->\n<title>Plateforme de gestion du risque humain | MetaCompliance<\/title>\n<meta name=\"description\" content=\"R\u00e9duisez le risque cyber humain avec MetaCompliance : formation, simulations de phishing et outils de conformit\u00e9. Demandez une d\u00e9mo d\u00e8s maintenant.\" \/>\n<meta name=\"robots\" content=\"index, follow, max-snippet:-1, max-image-preview:large, max-video-preview:-1\" \/>\n<link rel=\"canonical\" href=\"https:\/\/www.metacompliance.com\/fr\/demander-une-demonstration\" \/>\n<meta property=\"og:locale\" content=\"fr_FR\" \/>\n<meta property=\"og:type\" content=\"article\" \/>\n<meta property=\"og:title\" content=\"Plateforme de gestion du risque humain | MetaCompliance\" \/>\n<meta property=\"og:description\" content=\"R\u00e9duisez le risque cyber humain avec MetaCompliance : formation, simulations de phishing et outils de conformit\u00e9. Demandez une d\u00e9mo d\u00e8s maintenant.\" \/>\n<meta property=\"og:url\" content=\"https:\/\/www.metacompliance.com\/fr\/demander-une-demonstration\" \/>\n<meta property=\"og:site_name\" content=\"MetaCompliance\" \/>\n<meta property=\"article:modified_time\" content=\"2026-01-09T10:50:00+00:00\" \/>\n<meta name=\"twitter:card\" content=\"summary_large_image\" \/>\n<meta name=\"twitter:label1\" content=\"Est. reading time\" \/>\n\t<meta name=\"twitter:data1\" content=\"6 minutes\" \/>\n<script type=\"application\/ld+json\" class=\"yoast-schema-graph\">{\"@context\":\"https:\\\/\\\/schema.org\",\"@graph\":[{\"@type\":\"WebPage\",\"@id\":\"https:\\\/\\\/www.metacompliance.com\\\/fr\\\/demander-une-demonstration\",\"url\":\"https:\\\/\\\/www.metacompliance.com\\\/fr\\\/demander-une-demonstration\",\"name\":\"Plateforme de gestion du risque humain | MetaCompliance\",\"isPartOf\":{\"@id\":\"https:\\\/\\\/www.metacompliance.com\\\/fr#website\"},\"datePublished\":\"2025-10-23T11:21:39+00:00\",\"dateModified\":\"2026-01-09T10:50:00+00:00\",\"description\":\"R\u00e9duisez le risque cyber humain avec MetaCompliance : formation, simulations de phishing et outils de conformit\u00e9. Demandez une d\u00e9mo d\u00e8s maintenant.\",\"breadcrumb\":{\"@id\":\"https:\\\/\\\/www.metacompliance.com\\\/fr\\\/demander-une-demonstration#breadcrumb\"},\"inLanguage\":\"fr-FR\",\"potentialAction\":[{\"@type\":\"ReadAction\",\"target\":[\"https:\\\/\\\/www.metacompliance.com\\\/fr\\\/demander-une-demonstration\"]}]},{\"@type\":\"BreadcrumbList\",\"@id\":\"https:\\\/\\\/www.metacompliance.com\\\/fr\\\/demander-une-demonstration#breadcrumb\",\"itemListElement\":[{\"@type\":\"ListItem\",\"position\":1,\"name\":\"Accueil\",\"item\":\"https:\\\/\\\/www.metacompliance.com\\\/fr\"},{\"@type\":\"ListItem\",\"position\":2,\"name\":\"Obtenir une d\u00e9mo\"}]},{\"@type\":\"WebSite\",\"@id\":\"https:\\\/\\\/www.metacompliance.com\\\/fr#website\",\"url\":\"https:\\\/\\\/www.metacompliance.com\\\/fr\",\"name\":\"MetaCompliance\",\"description\":\"\",\"potentialAction\":[{\"@type\":\"SearchAction\",\"target\":{\"@type\":\"EntryPoint\",\"urlTemplate\":\"https:\\\/\\\/www.metacompliance.com\\\/fr?s={search_term_string}\"},\"query-input\":{\"@type\":\"PropertyValueSpecification\",\"valueRequired\":true,\"valueName\":\"search_term_string\"}}],\"inLanguage\":\"fr-FR\"}]}<\/script>\n<!-- \/ Yoast SEO plugin. -->","yoast_head_json":{"title":"Plateforme de gestion du risque humain | MetaCompliance","description":"R\u00e9duisez le risque cyber humain avec MetaCompliance : formation, simulations de phishing et outils de conformit\u00e9. Demandez une d\u00e9mo d\u00e8s maintenant.","robots":{"index":"index","follow":"follow","max-snippet":"max-snippet:-1","max-image-preview":"max-image-preview:large","max-video-preview":"max-video-preview:-1"},"canonical":"https:\/\/www.metacompliance.com\/fr\/demander-une-demonstration","og_locale":"fr_FR","og_type":"article","og_title":"Plateforme de gestion du risque humain | MetaCompliance","og_description":"R\u00e9duisez le risque cyber humain avec MetaCompliance : formation, simulations de phishing et outils de conformit\u00e9. Demandez une d\u00e9mo d\u00e8s maintenant.","og_url":"https:\/\/www.metacompliance.com\/fr\/demander-une-demonstration","og_site_name":"MetaCompliance","article_modified_time":"2026-01-09T10:50:00+00:00","twitter_card":"summary_large_image","twitter_misc":{"Est. reading time":"6 minutes"},"schema":{"@context":"https:\/\/schema.org","@graph":[{"@type":"WebPage","@id":"https:\/\/www.metacompliance.com\/fr\/demander-une-demonstration","url":"https:\/\/www.metacompliance.com\/fr\/demander-une-demonstration","name":"Plateforme de gestion du risque humain | MetaCompliance","isPartOf":{"@id":"https:\/\/www.metacompliance.com\/fr#website"},"datePublished":"2025-10-23T11:21:39+00:00","dateModified":"2026-01-09T10:50:00+00:00","description":"R\u00e9duisez le risque cyber humain avec MetaCompliance : formation, simulations de phishing et outils de conformit\u00e9. Demandez une d\u00e9mo d\u00e8s maintenant.","breadcrumb":{"@id":"https:\/\/www.metacompliance.com\/fr\/demander-une-demonstration#breadcrumb"},"inLanguage":"fr-FR","potentialAction":[{"@type":"ReadAction","target":["https:\/\/www.metacompliance.com\/fr\/demander-une-demonstration"]}]},{"@type":"BreadcrumbList","@id":"https:\/\/www.metacompliance.com\/fr\/demander-une-demonstration#breadcrumb","itemListElement":[{"@type":"ListItem","position":1,"name":"Accueil","item":"https:\/\/www.metacompliance.com\/fr"},{"@type":"ListItem","position":2,"name":"Obtenir une d\u00e9mo"}]},{"@type":"WebSite","@id":"https:\/\/www.metacompliance.com\/fr#website","url":"https:\/\/www.metacompliance.com\/fr","name":"MetaCompliance","description":"","potentialAction":[{"@type":"SearchAction","target":{"@type":"EntryPoint","urlTemplate":"https:\/\/www.metacompliance.com\/fr?s={search_term_string}"},"query-input":{"@type":"PropertyValueSpecification","valueRequired":true,"valueName":"search_term_string"}}],"inLanguage":"fr-FR"}]}},"_links":{"self":[{"href":"https:\/\/www.metacompliance.com\/fr\/wp-json\/wp\/v2\/pages\/110457","targetHints":{"allow":["GET"]}}],"collection":[{"href":"https:\/\/www.metacompliance.com\/fr\/wp-json\/wp\/v2\/pages"}],"about":[{"href":"https:\/\/www.metacompliance.com\/fr\/wp-json\/wp\/v2\/types\/page"}],"author":[{"embeddable":true,"href":"https:\/\/www.metacompliance.com\/fr\/wp-json\/wp\/v2\/users\/10"}],"replies":[{"embeddable":true,"href":"https:\/\/www.metacompliance.com\/fr\/wp-json\/wp\/v2\/comments?post=110457"}],"version-history":[{"count":0,"href":"https:\/\/www.metacompliance.com\/fr\/wp-json\/wp\/v2\/pages\/110457\/revisions"}],"wp:attachment":[{"href":"https:\/\/www.metacompliance.com\/fr\/wp-json\/wp\/v2\/media?parent=110457"}],"curies":[{"name":"wp","href":"https:\/\/api.w.org\/{rel}","templated":true}]}}