{"id":88806,"date":"2025-06-16T13:00:23","date_gmt":"2025-06-16T12:00:23","guid":{"rendered":"https:\/\/metacomp.wpenginepowered.com\/secteur-de-leducation\/"},"modified":"2026-03-09T10:44:47","modified_gmt":"2026-03-09T10:44:47","slug":"secteur-education","status":"publish","type":"page","link":"https:\/\/www.metacompliance.com\/fr\/plateforme-gestion-risques-humains-human-risk-management\/secteur-education","title":{"rendered":"Secteur de l&rsquo;\u00e9ducation"},"content":{"rendered":"","protected":false},"excerpt":{"rendered":"","protected":false},"author":3,"featured_media":0,"parent":103803,"menu_order":0,"comment_status":"closed","ping_status":"closed","template":"","meta":{"_acf_changed":false,"content-type":"","_relevanssi_hide_post":"","_relevanssi_hide_content":"","_relevanssi_pin_for_all":"","_relevanssi_pin_keywords":"","_relevanssi_unpin_keywords":"","_relevanssi_related_keywords":"","_relevanssi_related_include_ids":"","_relevanssi_related_exclude_ids":"","_relevanssi_related_no_append":"","_relevanssi_related_not_related":"","_relevanssi_related_posts":"","_relevanssi_noindex_reason":"","inline_featured_image":false,"footnotes":""},"class_list":["post-88806","page","type-page","status-publish","hentry"],"acf":[],"yoast_head":"<!-- This site is optimized with the Yoast SEO plugin v27.2 - https:\/\/yoast.com\/product\/yoast-seo-wordpress\/ -->\n<title>Formation \u00e0 la s\u00e9curit\u00e9 et \u00e0 la cybersensibilisation pour l&#039;\u00e9ducation | MetaCompliance<\/title>\n<meta name=\"description\" content=\"Prot\u00e9gez les \u00e9tudiants, le personnel et la recherche gr\u00e2ce \u00e0 une formation de sensibilisation \u00e0 la s\u00e9curit\u00e9 centr\u00e9e sur l&#039;humain, \u00e0 la conformit\u00e9 et \u00e0 l&#039;analyse des risques au sein d&#039;une plateforme \u00e9volutive. R\u00e9servez une d\u00e9monstration.\" \/>\n<meta name=\"robots\" content=\"index, follow, max-snippet:-1, max-image-preview:large, max-video-preview:-1\" \/>\n<link rel=\"canonical\" href=\"https:\/\/www.metacompliance.com\/fr\/plateforme-gestion-risques-humains-human-risk-management\/secteur-education\" \/>\n<meta property=\"og:locale\" content=\"fr_FR\" \/>\n<meta property=\"og:type\" content=\"article\" \/>\n<meta property=\"og:title\" content=\"Formation \u00e0 la s\u00e9curit\u00e9 et \u00e0 la cybersensibilisation pour l&#039;\u00e9ducation | MetaCompliance\" \/>\n<meta property=\"og:description\" content=\"Prot\u00e9gez les \u00e9tudiants, le personnel et la recherche gr\u00e2ce \u00e0 une formation de sensibilisation \u00e0 la s\u00e9curit\u00e9 centr\u00e9e sur l&#039;humain, \u00e0 la conformit\u00e9 et \u00e0 l&#039;analyse des risques au sein d&#039;une plateforme \u00e9volutive. R\u00e9servez une d\u00e9monstration.\" \/>\n<meta property=\"og:url\" content=\"https:\/\/www.metacompliance.com\/fr\/plateforme-gestion-risques-humains-human-risk-management\/secteur-education\" \/>\n<meta property=\"og:site_name\" content=\"MetaCompliance\" \/>\n<meta property=\"article:modified_time\" content=\"2026-03-09T10:44:47+00:00\" \/>\n<meta name=\"twitter:card\" content=\"summary_large_image\" \/>\n<script type=\"application\/ld+json\" class=\"yoast-schema-graph\">{\"@context\":\"https:\/\/schema.org\",\"@graph\":[{\"@type\":\"WebPage\",\"@id\":\"https:\/\/www.metacompliance.com\/fr\/plateforme-gestion-risques-humains-human-risk-management\/secteur-education\",\"url\":\"https:\/\/www.metacompliance.com\/fr\/plateforme-gestion-risques-humains-human-risk-management\/secteur-education\",\"name\":\"Formation \u00e0 la s\u00e9curit\u00e9 et \u00e0 la cybersensibilisation pour l'\u00e9ducation | MetaCompliance\",\"isPartOf\":{\"@id\":\"https:\/\/www.metacompliance.com\/fr#website\"},\"datePublished\":\"2025-06-16T12:00:23+00:00\",\"dateModified\":\"2026-03-09T10:44:47+00:00\",\"description\":\"Prot\u00e9gez les \u00e9tudiants, le personnel et la recherche gr\u00e2ce \u00e0 une formation de sensibilisation \u00e0 la s\u00e9curit\u00e9 centr\u00e9e sur l'humain, \u00e0 la conformit\u00e9 et \u00e0 l'analyse des risques au sein d'une plateforme \u00e9volutive. R\u00e9servez une d\u00e9monstration.\",\"breadcrumb\":{\"@id\":\"https:\/\/www.metacompliance.com\/fr\/plateforme-gestion-risques-humains-human-risk-management\/secteur-education#breadcrumb\"},\"inLanguage\":\"fr-FR\",\"potentialAction\":[{\"@type\":\"ReadAction\",\"target\":[\"https:\/\/www.metacompliance.com\/fr\/plateforme-gestion-risques-humains-human-risk-management\/secteur-education\"]}]},{\"@type\":\"BreadcrumbList\",\"@id\":\"https:\/\/www.metacompliance.com\/fr\/plateforme-gestion-risques-humains-human-risk-management\/secteur-education#breadcrumb\",\"itemListElement\":[{\"@type\":\"ListItem\",\"position\":1,\"name\":\"Accueil\",\"item\":\"https:\/\/www.metacompliance.com\/fr\"},{\"@type\":\"ListItem\",\"position\":2,\"name\":\"Plateforme de gestion des risques humains\",\"item\":\"https:\/\/www.metacompliance.com\/fr\/plateforme-gestion-risques-humains-human-risk-management\"},{\"@type\":\"ListItem\",\"position\":3,\"name\":\"Secteur de l&#8217;\u00e9ducation\"}]},{\"@type\":\"WebSite\",\"@id\":\"https:\/\/www.metacompliance.com\/fr#website\",\"url\":\"https:\/\/www.metacompliance.com\/fr\",\"name\":\"MetaCompliance\",\"description\":\"\",\"potentialAction\":[{\"@type\":\"SearchAction\",\"target\":{\"@type\":\"EntryPoint\",\"urlTemplate\":\"https:\/\/www.metacompliance.com\/fr?s={search_term_string}\"},\"query-input\":{\"@type\":\"PropertyValueSpecification\",\"valueRequired\":true,\"valueName\":\"search_term_string\"}}],\"inLanguage\":\"fr-FR\"}]}<\/script>\n<!-- \/ Yoast SEO plugin. -->","yoast_head_json":{"title":"Formation \u00e0 la s\u00e9curit\u00e9 et \u00e0 la cybersensibilisation pour l'\u00e9ducation | MetaCompliance","description":"Prot\u00e9gez les \u00e9tudiants, le personnel et la recherche gr\u00e2ce \u00e0 une formation de sensibilisation \u00e0 la s\u00e9curit\u00e9 centr\u00e9e sur l'humain, \u00e0 la conformit\u00e9 et \u00e0 l'analyse des risques au sein d'une plateforme \u00e9volutive. R\u00e9servez une d\u00e9monstration.","robots":{"index":"index","follow":"follow","max-snippet":"max-snippet:-1","max-image-preview":"max-image-preview:large","max-video-preview":"max-video-preview:-1"},"canonical":"https:\/\/www.metacompliance.com\/fr\/plateforme-gestion-risques-humains-human-risk-management\/secteur-education","og_locale":"fr_FR","og_type":"article","og_title":"Formation \u00e0 la s\u00e9curit\u00e9 et \u00e0 la cybersensibilisation pour l'\u00e9ducation | MetaCompliance","og_description":"Prot\u00e9gez les \u00e9tudiants, le personnel et la recherche gr\u00e2ce \u00e0 une formation de sensibilisation \u00e0 la s\u00e9curit\u00e9 centr\u00e9e sur l'humain, \u00e0 la conformit\u00e9 et \u00e0 l'analyse des risques au sein d'une plateforme \u00e9volutive. R\u00e9servez une d\u00e9monstration.","og_url":"https:\/\/www.metacompliance.com\/fr\/plateforme-gestion-risques-humains-human-risk-management\/secteur-education","og_site_name":"MetaCompliance","article_modified_time":"2026-03-09T10:44:47+00:00","twitter_card":"summary_large_image","schema":{"@context":"https:\/\/schema.org","@graph":[{"@type":"WebPage","@id":"https:\/\/www.metacompliance.com\/fr\/plateforme-gestion-risques-humains-human-risk-management\/secteur-education","url":"https:\/\/www.metacompliance.com\/fr\/plateforme-gestion-risques-humains-human-risk-management\/secteur-education","name":"Formation \u00e0 la s\u00e9curit\u00e9 et \u00e0 la cybersensibilisation pour l'\u00e9ducation | MetaCompliance","isPartOf":{"@id":"https:\/\/www.metacompliance.com\/fr#website"},"datePublished":"2025-06-16T12:00:23+00:00","dateModified":"2026-03-09T10:44:47+00:00","description":"Prot\u00e9gez les \u00e9tudiants, le personnel et la recherche gr\u00e2ce \u00e0 une formation de sensibilisation \u00e0 la s\u00e9curit\u00e9 centr\u00e9e sur l'humain, \u00e0 la conformit\u00e9 et \u00e0 l'analyse des risques au sein d'une plateforme \u00e9volutive. R\u00e9servez une d\u00e9monstration.","breadcrumb":{"@id":"https:\/\/www.metacompliance.com\/fr\/plateforme-gestion-risques-humains-human-risk-management\/secteur-education#breadcrumb"},"inLanguage":"fr-FR","potentialAction":[{"@type":"ReadAction","target":["https:\/\/www.metacompliance.com\/fr\/plateforme-gestion-risques-humains-human-risk-management\/secteur-education"]}]},{"@type":"BreadcrumbList","@id":"https:\/\/www.metacompliance.com\/fr\/plateforme-gestion-risques-humains-human-risk-management\/secteur-education#breadcrumb","itemListElement":[{"@type":"ListItem","position":1,"name":"Accueil","item":"https:\/\/www.metacompliance.com\/fr"},{"@type":"ListItem","position":2,"name":"Plateforme de gestion des risques humains","item":"https:\/\/www.metacompliance.com\/fr\/plateforme-gestion-risques-humains-human-risk-management"},{"@type":"ListItem","position":3,"name":"Secteur de l&#8217;\u00e9ducation"}]},{"@type":"WebSite","@id":"https:\/\/www.metacompliance.com\/fr#website","url":"https:\/\/www.metacompliance.com\/fr","name":"MetaCompliance","description":"","potentialAction":[{"@type":"SearchAction","target":{"@type":"EntryPoint","urlTemplate":"https:\/\/www.metacompliance.com\/fr?s={search_term_string}"},"query-input":{"@type":"PropertyValueSpecification","valueRequired":true,"valueName":"search_term_string"}}],"inLanguage":"fr-FR"}]}},"_links":{"self":[{"href":"https:\/\/www.metacompliance.com\/fr\/wp-json\/wp\/v2\/pages\/88806","targetHints":{"allow":["GET"]}}],"collection":[{"href":"https:\/\/www.metacompliance.com\/fr\/wp-json\/wp\/v2\/pages"}],"about":[{"href":"https:\/\/www.metacompliance.com\/fr\/wp-json\/wp\/v2\/types\/page"}],"author":[{"embeddable":true,"href":"https:\/\/www.metacompliance.com\/fr\/wp-json\/wp\/v2\/users\/3"}],"replies":[{"embeddable":true,"href":"https:\/\/www.metacompliance.com\/fr\/wp-json\/wp\/v2\/comments?post=88806"}],"version-history":[{"count":0,"href":"https:\/\/www.metacompliance.com\/fr\/wp-json\/wp\/v2\/pages\/88806\/revisions"}],"up":[{"embeddable":true,"href":"https:\/\/www.metacompliance.com\/fr\/wp-json\/wp\/v2\/pages\/103803"}],"wp:attachment":[{"href":"https:\/\/www.metacompliance.com\/fr\/wp-json\/wp\/v2\/media?parent=88806"}],"curies":[{"name":"wp","href":"https:\/\/api.w.org\/{rel}","templated":true}]}}