{"id":88863,"date":"2025-06-03T10:13:11","date_gmt":"2025-06-03T09:13:11","guid":{"rendered":"https:\/\/metacomp.wpenginepowered.com\/simulation-dhameconnage\/"},"modified":"2026-03-31T11:18:59","modified_gmt":"2026-03-31T10:18:59","slug":"simulation-phishing-avancee","status":"publish","type":"page","link":"https:\/\/www.metacompliance.com\/fr\/simulation-phishing-avancee","title":{"rendered":"Simulation avanc\u00e9e de phishing"},"content":{"rendered":"","protected":false},"excerpt":{"rendered":"","protected":false},"author":1,"featured_media":0,"parent":0,"menu_order":0,"comment_status":"closed","ping_status":"closed","template":"","meta":{"_acf_changed":false,"content-type":"","_relevanssi_hide_post":"","_relevanssi_hide_content":"","_relevanssi_pin_for_all":"","_relevanssi_pin_keywords":"","_relevanssi_unpin_keywords":"","_relevanssi_related_keywords":"","_relevanssi_related_include_ids":"","_relevanssi_related_exclude_ids":"","_relevanssi_related_no_append":"","_relevanssi_related_not_related":"","_relevanssi_related_posts":"","_relevanssi_noindex_reason":"","inline_featured_image":false,"footnotes":""},"class_list":["post-88863","page","type-page","status-publish","hentry"],"acf":[],"yoast_head":"<!-- This site is optimized with the Yoast SEO plugin v27.2 - https:\/\/yoast.com\/product\/yoast-seo-wordpress\/ -->\n<title>Simulation avanc\u00e9e d&#039;hame\u00e7onnage et formation de sensibilisation | MetaCompliance<\/title>\n<meta name=\"description\" content=\"Des tests de phishing simul\u00e9s qui r\u00e9duisent le cyber-risque humain gr\u00e2ce \u00e0 l&#039;automatisation, \u00e0 l&#039;int\u00e9gration de la conformit\u00e9 et \u00e0 l&#039;analyse au sein d&#039;une plateforme unique. \u00c9volutif et simple. R\u00e9servez une d\u00e9monstration.\" \/>\n<meta name=\"robots\" content=\"index, follow, max-snippet:-1, max-image-preview:large, max-video-preview:-1\" \/>\n<link rel=\"canonical\" href=\"https:\/\/www.metacompliance.com\/fr\/simulation-phishing-avancee\" \/>\n<meta property=\"og:locale\" content=\"fr_FR\" \/>\n<meta property=\"og:type\" content=\"article\" \/>\n<meta property=\"og:title\" content=\"Simulation avanc\u00e9e d&#039;hame\u00e7onnage et formation de sensibilisation | MetaCompliance\" \/>\n<meta property=\"og:description\" content=\"Des tests de phishing simul\u00e9s qui r\u00e9duisent le cyber-risque humain gr\u00e2ce \u00e0 l&#039;automatisation, \u00e0 l&#039;int\u00e9gration de la conformit\u00e9 et \u00e0 l&#039;analyse au sein d&#039;une plateforme unique. \u00c9volutif et simple. R\u00e9servez une d\u00e9monstration.\" \/>\n<meta property=\"og:url\" content=\"https:\/\/www.metacompliance.com\/fr\/simulation-phishing-avancee\" \/>\n<meta property=\"og:site_name\" content=\"MetaCompliance\" \/>\n<meta property=\"article:modified_time\" content=\"2026-03-31T10:18:59+00:00\" \/>\n<meta name=\"twitter:card\" content=\"summary_large_image\" \/>\n<meta name=\"twitter:label1\" content=\"Est. reading time\" \/>\n\t<meta name=\"twitter:data1\" content=\"10 minutes\" \/>\n<script type=\"application\/ld+json\" class=\"yoast-schema-graph\">{\"@context\":\"https:\/\/schema.org\",\"@graph\":[{\"@type\":\"WebPage\",\"@id\":\"https:\/\/www.metacompliance.com\/fr\/simulation-phishing-avancee\",\"url\":\"https:\/\/www.metacompliance.com\/fr\/simulation-phishing-avancee\",\"name\":\"Simulation avanc\u00e9e d'hame\u00e7onnage et formation de sensibilisation | MetaCompliance\",\"isPartOf\":{\"@id\":\"https:\/\/www.metacompliance.com\/fr#website\"},\"datePublished\":\"2025-06-03T09:13:11+00:00\",\"dateModified\":\"2026-03-31T10:18:59+00:00\",\"description\":\"Des tests de phishing simul\u00e9s qui r\u00e9duisent le cyber-risque humain gr\u00e2ce \u00e0 l'automatisation, \u00e0 l'int\u00e9gration de la conformit\u00e9 et \u00e0 l'analyse au sein d'une plateforme unique. \u00c9volutif et simple. R\u00e9servez une d\u00e9monstration.\",\"breadcrumb\":{\"@id\":\"https:\/\/www.metacompliance.com\/fr\/simulation-phishing-avancee#breadcrumb\"},\"inLanguage\":\"fr-FR\",\"potentialAction\":[{\"@type\":\"ReadAction\",\"target\":[\"https:\/\/www.metacompliance.com\/fr\/simulation-phishing-avancee\"]}]},{\"@type\":\"BreadcrumbList\",\"@id\":\"https:\/\/www.metacompliance.com\/fr\/simulation-phishing-avancee#breadcrumb\",\"itemListElement\":[{\"@type\":\"ListItem\",\"position\":1,\"name\":\"Accueil\",\"item\":\"https:\/\/www.metacompliance.com\/fr\"},{\"@type\":\"ListItem\",\"position\":2,\"name\":\"Simulation avanc\u00e9e de phishing\"}]},{\"@type\":\"WebSite\",\"@id\":\"https:\/\/www.metacompliance.com\/fr#website\",\"url\":\"https:\/\/www.metacompliance.com\/fr\",\"name\":\"MetaCompliance\",\"description\":\"\",\"potentialAction\":[{\"@type\":\"SearchAction\",\"target\":{\"@type\":\"EntryPoint\",\"urlTemplate\":\"https:\/\/www.metacompliance.com\/fr?s={search_term_string}\"},\"query-input\":{\"@type\":\"PropertyValueSpecification\",\"valueRequired\":true,\"valueName\":\"search_term_string\"}}],\"inLanguage\":\"fr-FR\"}]}<\/script>\n<!-- \/ Yoast SEO plugin. -->","yoast_head_json":{"title":"Simulation avanc\u00e9e d'hame\u00e7onnage et formation de sensibilisation | MetaCompliance","description":"Des tests de phishing simul\u00e9s qui r\u00e9duisent le cyber-risque humain gr\u00e2ce \u00e0 l'automatisation, \u00e0 l'int\u00e9gration de la conformit\u00e9 et \u00e0 l'analyse au sein d'une plateforme unique. \u00c9volutif et simple. R\u00e9servez une d\u00e9monstration.","robots":{"index":"index","follow":"follow","max-snippet":"max-snippet:-1","max-image-preview":"max-image-preview:large","max-video-preview":"max-video-preview:-1"},"canonical":"https:\/\/www.metacompliance.com\/fr\/simulation-phishing-avancee","og_locale":"fr_FR","og_type":"article","og_title":"Simulation avanc\u00e9e d'hame\u00e7onnage et formation de sensibilisation | MetaCompliance","og_description":"Des tests de phishing simul\u00e9s qui r\u00e9duisent le cyber-risque humain gr\u00e2ce \u00e0 l'automatisation, \u00e0 l'int\u00e9gration de la conformit\u00e9 et \u00e0 l'analyse au sein d'une plateforme unique. \u00c9volutif et simple. R\u00e9servez une d\u00e9monstration.","og_url":"https:\/\/www.metacompliance.com\/fr\/simulation-phishing-avancee","og_site_name":"MetaCompliance","article_modified_time":"2026-03-31T10:18:59+00:00","twitter_card":"summary_large_image","twitter_misc":{"Est. reading time":"10 minutes"},"schema":{"@context":"https:\/\/schema.org","@graph":[{"@type":"WebPage","@id":"https:\/\/www.metacompliance.com\/fr\/simulation-phishing-avancee","url":"https:\/\/www.metacompliance.com\/fr\/simulation-phishing-avancee","name":"Simulation avanc\u00e9e d'hame\u00e7onnage et formation de sensibilisation | MetaCompliance","isPartOf":{"@id":"https:\/\/www.metacompliance.com\/fr#website"},"datePublished":"2025-06-03T09:13:11+00:00","dateModified":"2026-03-31T10:18:59+00:00","description":"Des tests de phishing simul\u00e9s qui r\u00e9duisent le cyber-risque humain gr\u00e2ce \u00e0 l'automatisation, \u00e0 l'int\u00e9gration de la conformit\u00e9 et \u00e0 l'analyse au sein d'une plateforme unique. \u00c9volutif et simple. R\u00e9servez une d\u00e9monstration.","breadcrumb":{"@id":"https:\/\/www.metacompliance.com\/fr\/simulation-phishing-avancee#breadcrumb"},"inLanguage":"fr-FR","potentialAction":[{"@type":"ReadAction","target":["https:\/\/www.metacompliance.com\/fr\/simulation-phishing-avancee"]}]},{"@type":"BreadcrumbList","@id":"https:\/\/www.metacompliance.com\/fr\/simulation-phishing-avancee#breadcrumb","itemListElement":[{"@type":"ListItem","position":1,"name":"Accueil","item":"https:\/\/www.metacompliance.com\/fr"},{"@type":"ListItem","position":2,"name":"Simulation avanc\u00e9e de phishing"}]},{"@type":"WebSite","@id":"https:\/\/www.metacompliance.com\/fr#website","url":"https:\/\/www.metacompliance.com\/fr","name":"MetaCompliance","description":"","potentialAction":[{"@type":"SearchAction","target":{"@type":"EntryPoint","urlTemplate":"https:\/\/www.metacompliance.com\/fr?s={search_term_string}"},"query-input":{"@type":"PropertyValueSpecification","valueRequired":true,"valueName":"search_term_string"}}],"inLanguage":"fr-FR"}]}},"_links":{"self":[{"href":"https:\/\/www.metacompliance.com\/fr\/wp-json\/wp\/v2\/pages\/88863","targetHints":{"allow":["GET"]}}],"collection":[{"href":"https:\/\/www.metacompliance.com\/fr\/wp-json\/wp\/v2\/pages"}],"about":[{"href":"https:\/\/www.metacompliance.com\/fr\/wp-json\/wp\/v2\/types\/page"}],"author":[{"embeddable":true,"href":"https:\/\/www.metacompliance.com\/fr\/wp-json\/wp\/v2\/users\/1"}],"replies":[{"embeddable":true,"href":"https:\/\/www.metacompliance.com\/fr\/wp-json\/wp\/v2\/comments?post=88863"}],"version-history":[{"count":0,"href":"https:\/\/www.metacompliance.com\/fr\/wp-json\/wp\/v2\/pages\/88863\/revisions"}],"wp:attachment":[{"href":"https:\/\/www.metacompliance.com\/fr\/wp-json\/wp\/v2\/media?parent=88863"}],"curies":[{"name":"wp","href":"https:\/\/api.w.org\/{rel}","templated":true}]}}