{"id":88911,"date":"2025-06-26T09:51:02","date_gmt":"2025-06-26T08:51:02","guid":{"rendered":"https:\/\/metacomp.wpenginepowered.com\/formation-a-la-cybersecurite-pour-les-departements\/"},"modified":"2026-01-09T11:57:09","modified_gmt":"2026-01-09T11:57:09","slug":"formation-cybersecurite-pour-departements","status":"publish","type":"page","link":"https:\/\/www.metacompliance.com\/fr\/formation-cybersecurite-pour-departements","title":{"rendered":"Formation \u00e0 la cybers\u00e9curit\u00e9 pour les d\u00e9partements"},"content":{"rendered":"","protected":false},"excerpt":{"rendered":"","protected":false},"author":2,"featured_media":0,"parent":0,"menu_order":0,"comment_status":"closed","ping_status":"closed","template":"","meta":{"_acf_changed":false,"content-type":"","_relevanssi_hide_post":"","_relevanssi_hide_content":"","_relevanssi_pin_for_all":"","_relevanssi_pin_keywords":"","_relevanssi_unpin_keywords":"","_relevanssi_related_keywords":"","_relevanssi_related_include_ids":"","_relevanssi_related_exclude_ids":"","_relevanssi_related_no_append":"","_relevanssi_related_not_related":"","_relevanssi_related_posts":"","_relevanssi_noindex_reason":"","inline_featured_image":false,"footnotes":""},"class_list":["post-88911","page","type-page","status-publish","hentry"],"acf":[],"yoast_head":"<!-- This site is optimized with the Yoast SEO plugin v27.4 - https:\/\/yoast.com\/product\/yoast-seo-wordpress\/ -->\n<title>Formation cybers\u00e9curit\u00e9 diff\u00e9renci\u00e9e pour chaque d\u00e9partement<\/title>\n<meta name=\"description\" content=\"D\u00e9couvrez notre formation en cybers\u00e9curit\u00e9 sp\u00e9cialement adapt\u00e9e \u00e0 chaque d\u00e9partement, pour prot\u00e9ger efficacement les donn\u00e9es sensibles de votre entreprise.\" \/>\n<meta name=\"robots\" content=\"index, follow, max-snippet:-1, max-image-preview:large, max-video-preview:-1\" \/>\n<link rel=\"canonical\" href=\"https:\/\/www.metacompliance.com\/fr\/formation-cybersecurite-pour-departements\" \/>\n<meta property=\"og:locale\" content=\"fr_FR\" \/>\n<meta property=\"og:type\" content=\"article\" \/>\n<meta property=\"og:title\" content=\"Formation cybers\u00e9curit\u00e9 diff\u00e9renci\u00e9e pour chaque d\u00e9partement\" \/>\n<meta property=\"og:description\" content=\"D\u00e9couvrez notre formation en cybers\u00e9curit\u00e9 sp\u00e9cialement adapt\u00e9e \u00e0 chaque d\u00e9partement, pour prot\u00e9ger efficacement les donn\u00e9es sensibles de votre entreprise.\" \/>\n<meta property=\"og:url\" content=\"https:\/\/www.metacompliance.com\/fr\/formation-cybersecurite-pour-departements\" \/>\n<meta property=\"og:site_name\" content=\"MetaCompliance\" \/>\n<meta property=\"article:modified_time\" content=\"2026-01-09T11:57:09+00:00\" \/>\n<meta name=\"twitter:card\" content=\"summary_large_image\" \/>\n<script type=\"application\/ld+json\" class=\"yoast-schema-graph\">{\"@context\":\"https:\\\/\\\/schema.org\",\"@graph\":[{\"@type\":\"WebPage\",\"@id\":\"https:\\\/\\\/www.metacompliance.com\\\/fr\\\/formation-cybersecurite-pour-departements\",\"url\":\"https:\\\/\\\/www.metacompliance.com\\\/fr\\\/formation-cybersecurite-pour-departements\",\"name\":\"Formation cybers\u00e9curit\u00e9 diff\u00e9renci\u00e9e pour chaque d\u00e9partement\",\"isPartOf\":{\"@id\":\"https:\\\/\\\/www.metacompliance.com\\\/fr#website\"},\"datePublished\":\"2025-06-26T08:51:02+00:00\",\"dateModified\":\"2026-01-09T11:57:09+00:00\",\"description\":\"D\u00e9couvrez notre formation en cybers\u00e9curit\u00e9 sp\u00e9cialement adapt\u00e9e \u00e0 chaque d\u00e9partement, pour prot\u00e9ger efficacement les donn\u00e9es sensibles de votre entreprise.\",\"breadcrumb\":{\"@id\":\"https:\\\/\\\/www.metacompliance.com\\\/fr\\\/formation-cybersecurite-pour-departements#breadcrumb\"},\"inLanguage\":\"fr-FR\",\"potentialAction\":[{\"@type\":\"ReadAction\",\"target\":[\"https:\\\/\\\/www.metacompliance.com\\\/fr\\\/formation-cybersecurite-pour-departements\"]}]},{\"@type\":\"BreadcrumbList\",\"@id\":\"https:\\\/\\\/www.metacompliance.com\\\/fr\\\/formation-cybersecurite-pour-departements#breadcrumb\",\"itemListElement\":[{\"@type\":\"ListItem\",\"position\":1,\"name\":\"Accueil\",\"item\":\"https:\\\/\\\/www.metacompliance.com\\\/fr\"},{\"@type\":\"ListItem\",\"position\":2,\"name\":\"Formation \u00e0 la cybers\u00e9curit\u00e9 pour les d\u00e9partements\"}]},{\"@type\":\"WebSite\",\"@id\":\"https:\\\/\\\/www.metacompliance.com\\\/fr#website\",\"url\":\"https:\\\/\\\/www.metacompliance.com\\\/fr\",\"name\":\"MetaCompliance\",\"description\":\"\",\"potentialAction\":[{\"@type\":\"SearchAction\",\"target\":{\"@type\":\"EntryPoint\",\"urlTemplate\":\"https:\\\/\\\/www.metacompliance.com\\\/fr?s={search_term_string}\"},\"query-input\":{\"@type\":\"PropertyValueSpecification\",\"valueRequired\":true,\"valueName\":\"search_term_string\"}}],\"inLanguage\":\"fr-FR\"}]}<\/script>\n<!-- \/ Yoast SEO plugin. -->","yoast_head_json":{"title":"Formation cybers\u00e9curit\u00e9 diff\u00e9renci\u00e9e pour chaque d\u00e9partement","description":"D\u00e9couvrez notre formation en cybers\u00e9curit\u00e9 sp\u00e9cialement adapt\u00e9e \u00e0 chaque d\u00e9partement, pour prot\u00e9ger efficacement les donn\u00e9es sensibles de votre entreprise.","robots":{"index":"index","follow":"follow","max-snippet":"max-snippet:-1","max-image-preview":"max-image-preview:large","max-video-preview":"max-video-preview:-1"},"canonical":"https:\/\/www.metacompliance.com\/fr\/formation-cybersecurite-pour-departements","og_locale":"fr_FR","og_type":"article","og_title":"Formation cybers\u00e9curit\u00e9 diff\u00e9renci\u00e9e pour chaque d\u00e9partement","og_description":"D\u00e9couvrez notre formation en cybers\u00e9curit\u00e9 sp\u00e9cialement adapt\u00e9e \u00e0 chaque d\u00e9partement, pour prot\u00e9ger efficacement les donn\u00e9es sensibles de votre entreprise.","og_url":"https:\/\/www.metacompliance.com\/fr\/formation-cybersecurite-pour-departements","og_site_name":"MetaCompliance","article_modified_time":"2026-01-09T11:57:09+00:00","twitter_card":"summary_large_image","schema":{"@context":"https:\/\/schema.org","@graph":[{"@type":"WebPage","@id":"https:\/\/www.metacompliance.com\/fr\/formation-cybersecurite-pour-departements","url":"https:\/\/www.metacompliance.com\/fr\/formation-cybersecurite-pour-departements","name":"Formation cybers\u00e9curit\u00e9 diff\u00e9renci\u00e9e pour chaque d\u00e9partement","isPartOf":{"@id":"https:\/\/www.metacompliance.com\/fr#website"},"datePublished":"2025-06-26T08:51:02+00:00","dateModified":"2026-01-09T11:57:09+00:00","description":"D\u00e9couvrez notre formation en cybers\u00e9curit\u00e9 sp\u00e9cialement adapt\u00e9e \u00e0 chaque d\u00e9partement, pour prot\u00e9ger efficacement les donn\u00e9es sensibles de votre entreprise.","breadcrumb":{"@id":"https:\/\/www.metacompliance.com\/fr\/formation-cybersecurite-pour-departements#breadcrumb"},"inLanguage":"fr-FR","potentialAction":[{"@type":"ReadAction","target":["https:\/\/www.metacompliance.com\/fr\/formation-cybersecurite-pour-departements"]}]},{"@type":"BreadcrumbList","@id":"https:\/\/www.metacompliance.com\/fr\/formation-cybersecurite-pour-departements#breadcrumb","itemListElement":[{"@type":"ListItem","position":1,"name":"Accueil","item":"https:\/\/www.metacompliance.com\/fr"},{"@type":"ListItem","position":2,"name":"Formation \u00e0 la cybers\u00e9curit\u00e9 pour les d\u00e9partements"}]},{"@type":"WebSite","@id":"https:\/\/www.metacompliance.com\/fr#website","url":"https:\/\/www.metacompliance.com\/fr","name":"MetaCompliance","description":"","potentialAction":[{"@type":"SearchAction","target":{"@type":"EntryPoint","urlTemplate":"https:\/\/www.metacompliance.com\/fr?s={search_term_string}"},"query-input":{"@type":"PropertyValueSpecification","valueRequired":true,"valueName":"search_term_string"}}],"inLanguage":"fr-FR"}]}},"_links":{"self":[{"href":"https:\/\/www.metacompliance.com\/fr\/wp-json\/wp\/v2\/pages\/88911","targetHints":{"allow":["GET"]}}],"collection":[{"href":"https:\/\/www.metacompliance.com\/fr\/wp-json\/wp\/v2\/pages"}],"about":[{"href":"https:\/\/www.metacompliance.com\/fr\/wp-json\/wp\/v2\/types\/page"}],"author":[{"embeddable":true,"href":"https:\/\/www.metacompliance.com\/fr\/wp-json\/wp\/v2\/users\/2"}],"replies":[{"embeddable":true,"href":"https:\/\/www.metacompliance.com\/fr\/wp-json\/wp\/v2\/comments?post=88911"}],"version-history":[{"count":0,"href":"https:\/\/www.metacompliance.com\/fr\/wp-json\/wp\/v2\/pages\/88911\/revisions"}],"wp:attachment":[{"href":"https:\/\/www.metacompliance.com\/fr\/wp-json\/wp\/v2\/media?parent=88911"}],"curies":[{"name":"wp","href":"https:\/\/api.w.org\/{rel}","templated":true}]}}