{"id":88951,"date":"2025-06-16T13:28:48","date_gmt":"2025-06-16T12:28:48","guid":{"rendered":"https:\/\/metacomp.wpenginepowered.com\/carrieres\/"},"modified":"2026-03-02T13:49:16","modified_gmt":"2026-03-02T13:49:16","slug":"carrieres","status":"publish","type":"page","link":"https:\/\/www.metacompliance.com\/fr\/carrieres","title":{"rendered":"Carri\u00e8res"},"content":{"rendered":"","protected":false},"excerpt":{"rendered":"","protected":false},"author":3,"featured_media":0,"parent":0,"menu_order":0,"comment_status":"closed","ping_status":"closed","template":"","meta":{"_acf_changed":false,"content-type":"","_relevanssi_hide_post":"","_relevanssi_hide_content":"","_relevanssi_pin_for_all":"","_relevanssi_pin_keywords":"","_relevanssi_unpin_keywords":"","_relevanssi_related_keywords":"","_relevanssi_related_include_ids":"","_relevanssi_related_exclude_ids":"","_relevanssi_related_no_append":"","_relevanssi_related_not_related":"","_relevanssi_related_posts":"","_relevanssi_noindex_reason":"","inline_featured_image":false,"footnotes":""},"class_list":["post-88951","page","type-page","status-publish","hentry"],"acf":[],"yoast_head":"<!-- This site is optimized with the Yoast SEO plugin v27.2 - https:\/\/yoast.com\/product\/yoast-seo-wordpress\/ -->\n<title>Carri\u00e8res chez MetaCompliance : rejoignez-nous<\/title>\n<meta name=\"description\" content=\"Explorez les opportunit\u00e9s de carri\u00e8re chez MetaCompliance. Nous recherchons des talents pour innover en cybers\u00e9curit\u00e9. Postulez maintenant !\" \/>\n<meta name=\"robots\" content=\"index, follow, max-snippet:-1, max-image-preview:large, max-video-preview:-1\" \/>\n<link rel=\"canonical\" href=\"https:\/\/www.metacompliance.com\/fr\/carrieres\" \/>\n<meta property=\"og:locale\" content=\"fr_FR\" \/>\n<meta property=\"og:type\" content=\"article\" \/>\n<meta property=\"og:title\" content=\"Carri\u00e8res chez MetaCompliance : rejoignez-nous\" \/>\n<meta property=\"og:description\" content=\"Explorez les opportunit\u00e9s de carri\u00e8re chez MetaCompliance. Nous recherchons des talents pour innover en cybers\u00e9curit\u00e9. Postulez maintenant !\" \/>\n<meta property=\"og:url\" content=\"https:\/\/www.metacompliance.com\/fr\/carrieres\" \/>\n<meta property=\"og:site_name\" content=\"MetaCompliance\" \/>\n<meta property=\"article:modified_time\" content=\"2026-03-02T13:49:16+00:00\" \/>\n<meta name=\"twitter:card\" content=\"summary_large_image\" \/>\n<script type=\"application\/ld+json\" class=\"yoast-schema-graph\">{\"@context\":\"https:\/\/schema.org\",\"@graph\":[{\"@type\":\"WebPage\",\"@id\":\"https:\/\/www.metacompliance.com\/fr\/carrieres\",\"url\":\"https:\/\/www.metacompliance.com\/fr\/carrieres\",\"name\":\"Carri\u00e8res chez MetaCompliance : rejoignez-nous\",\"isPartOf\":{\"@id\":\"https:\/\/www.metacompliance.com\/fr#website\"},\"datePublished\":\"2025-06-16T12:28:48+00:00\",\"dateModified\":\"2026-03-02T13:49:16+00:00\",\"description\":\"Explorez les opportunit\u00e9s de carri\u00e8re chez MetaCompliance. Nous recherchons des talents pour innover en cybers\u00e9curit\u00e9. Postulez maintenant !\",\"breadcrumb\":{\"@id\":\"https:\/\/www.metacompliance.com\/fr\/carrieres#breadcrumb\"},\"inLanguage\":\"fr-FR\",\"potentialAction\":[{\"@type\":\"ReadAction\",\"target\":[\"https:\/\/www.metacompliance.com\/fr\/carrieres\"]}]},{\"@type\":\"BreadcrumbList\",\"@id\":\"https:\/\/www.metacompliance.com\/fr\/carrieres#breadcrumb\",\"itemListElement\":[{\"@type\":\"ListItem\",\"position\":1,\"name\":\"Accueil\",\"item\":\"https:\/\/www.metacompliance.com\/fr\"},{\"@type\":\"ListItem\",\"position\":2,\"name\":\"Carri\u00e8res\"}]},{\"@type\":\"WebSite\",\"@id\":\"https:\/\/www.metacompliance.com\/fr#website\",\"url\":\"https:\/\/www.metacompliance.com\/fr\",\"name\":\"MetaCompliance\",\"description\":\"\",\"potentialAction\":[{\"@type\":\"SearchAction\",\"target\":{\"@type\":\"EntryPoint\",\"urlTemplate\":\"https:\/\/www.metacompliance.com\/fr?s={search_term_string}\"},\"query-input\":{\"@type\":\"PropertyValueSpecification\",\"valueRequired\":true,\"valueName\":\"search_term_string\"}}],\"inLanguage\":\"fr-FR\"}]}<\/script>\n<!-- \/ Yoast SEO plugin. -->","yoast_head_json":{"title":"Carri\u00e8res chez MetaCompliance : rejoignez-nous","description":"Explorez les opportunit\u00e9s de carri\u00e8re chez MetaCompliance. Nous recherchons des talents pour innover en cybers\u00e9curit\u00e9. Postulez maintenant !","robots":{"index":"index","follow":"follow","max-snippet":"max-snippet:-1","max-image-preview":"max-image-preview:large","max-video-preview":"max-video-preview:-1"},"canonical":"https:\/\/www.metacompliance.com\/fr\/carrieres","og_locale":"fr_FR","og_type":"article","og_title":"Carri\u00e8res chez MetaCompliance : rejoignez-nous","og_description":"Explorez les opportunit\u00e9s de carri\u00e8re chez MetaCompliance. Nous recherchons des talents pour innover en cybers\u00e9curit\u00e9. Postulez maintenant !","og_url":"https:\/\/www.metacompliance.com\/fr\/carrieres","og_site_name":"MetaCompliance","article_modified_time":"2026-03-02T13:49:16+00:00","twitter_card":"summary_large_image","schema":{"@context":"https:\/\/schema.org","@graph":[{"@type":"WebPage","@id":"https:\/\/www.metacompliance.com\/fr\/carrieres","url":"https:\/\/www.metacompliance.com\/fr\/carrieres","name":"Carri\u00e8res chez MetaCompliance : rejoignez-nous","isPartOf":{"@id":"https:\/\/www.metacompliance.com\/fr#website"},"datePublished":"2025-06-16T12:28:48+00:00","dateModified":"2026-03-02T13:49:16+00:00","description":"Explorez les opportunit\u00e9s de carri\u00e8re chez MetaCompliance. Nous recherchons des talents pour innover en cybers\u00e9curit\u00e9. Postulez maintenant !","breadcrumb":{"@id":"https:\/\/www.metacompliance.com\/fr\/carrieres#breadcrumb"},"inLanguage":"fr-FR","potentialAction":[{"@type":"ReadAction","target":["https:\/\/www.metacompliance.com\/fr\/carrieres"]}]},{"@type":"BreadcrumbList","@id":"https:\/\/www.metacompliance.com\/fr\/carrieres#breadcrumb","itemListElement":[{"@type":"ListItem","position":1,"name":"Accueil","item":"https:\/\/www.metacompliance.com\/fr"},{"@type":"ListItem","position":2,"name":"Carri\u00e8res"}]},{"@type":"WebSite","@id":"https:\/\/www.metacompliance.com\/fr#website","url":"https:\/\/www.metacompliance.com\/fr","name":"MetaCompliance","description":"","potentialAction":[{"@type":"SearchAction","target":{"@type":"EntryPoint","urlTemplate":"https:\/\/www.metacompliance.com\/fr?s={search_term_string}"},"query-input":{"@type":"PropertyValueSpecification","valueRequired":true,"valueName":"search_term_string"}}],"inLanguage":"fr-FR"}]}},"_links":{"self":[{"href":"https:\/\/www.metacompliance.com\/fr\/wp-json\/wp\/v2\/pages\/88951","targetHints":{"allow":["GET"]}}],"collection":[{"href":"https:\/\/www.metacompliance.com\/fr\/wp-json\/wp\/v2\/pages"}],"about":[{"href":"https:\/\/www.metacompliance.com\/fr\/wp-json\/wp\/v2\/types\/page"}],"author":[{"embeddable":true,"href":"https:\/\/www.metacompliance.com\/fr\/wp-json\/wp\/v2\/users\/3"}],"replies":[{"embeddable":true,"href":"https:\/\/www.metacompliance.com\/fr\/wp-json\/wp\/v2\/comments?post=88951"}],"version-history":[{"count":0,"href":"https:\/\/www.metacompliance.com\/fr\/wp-json\/wp\/v2\/pages\/88951\/revisions"}],"wp:attachment":[{"href":"https:\/\/www.metacompliance.com\/fr\/wp-json\/wp\/v2\/media?parent=88951"}],"curies":[{"name":"wp","href":"https:\/\/api.w.org\/{rel}","templated":true}]}}