{"id":88639,"date":"2025-05-15T05:57:29","date_gmt":"2025-05-15T04:57:29","guid":{"rendered":"https:\/\/metacomp.wpenginepowered.com\/homepage\/"},"modified":"2026-02-26T09:48:23","modified_gmt":"2026-02-26T09:48:23","slug":"homepage","status":"publish","type":"page","link":"https:\/\/www.metacompliance.com\/it","title":{"rendered":"Homepage"},"content":{"rendered":"&#13;\n<p>Questa \u00e8 una pagina di esempio. \u00c8 diversa da un post di un blog perch\u00e9 rimarr\u00e0 in un unico posto e verr\u00e0 visualizzata nella navigazione del sito (nella maggior parte dei temi). La maggior parte delle persone inizia con una pagina About che li presenta ai potenziali visitatori del sito. Potrebbe dire qualcosa del genere:   <\/p>&#13;\n&#13;\n<blockquote class=\"wp-block-quote is-layout-flow wp-block-quote-is-layout-flow\">&#13;\n<p>Ciao a tutti! Sono un corriere in bicicletta di giorno, un aspirante attore di notte e questo \u00e8 il mio sito web. Vivo a Los Angeles, ho un cane fantastico di nome Jack e mi piacciono le pi\u00f1a colada. (E farsi prendere dalla pioggia).   <\/p>&#13;\n<\/blockquote>&#13;\n&#13;\n<p>&#8230;o qualcosa del genere:<\/p>&#13;\n&#13;\n<blockquote class=\"wp-block-quote is-layout-flow wp-block-quote-is-layout-flow\">&#13;\n<p>La XYZ Doohickey Company \u00e8 stata fondata nel 1971 e da allora fornisce al pubblico doohickey di qualit\u00e0. Situata a Gotham City, XYZ d\u00e0 lavoro a oltre 2.000 persone e fa un sacco di cose fantastiche per la comunit\u00e0 di Gotham. <\/p>&#13;\n<\/blockquote>&#13;\n&#13;\n<p>Come nuovo utente di WordPress, devi andare nella <a href=\"https:\/\/www.metacompliance.com\/wp-admin\/\">tua dashboard<\/a> per eliminare questa pagina e creare nuove pagine per i tuoi contenuti. Buon divertimento! <\/p>&#13;\n","protected":false},"excerpt":{"rendered":"<p>&#13; Questa \u00e8 una pagina di esempio. \u00c8 diversa da un post di un blog perch\u00e9 rimarr\u00e0 in un unico posto e verr\u00e0 visualizzata nella navigazione del sito (nella maggior &hellip; <a href=\"https:\/\/www.metacompliance.com\/it\">Continua<\/a><\/p>\n","protected":false},"author":1,"featured_media":0,"parent":0,"menu_order":0,"comment_status":"closed","ping_status":"closed","template":"front-page.php","meta":{"_acf_changed":false,"content-type":"","_relevanssi_hide_post":"","_relevanssi_hide_content":"","_relevanssi_pin_for_all":"","_relevanssi_pin_keywords":"","_relevanssi_unpin_keywords":"","_relevanssi_related_keywords":"","_relevanssi_related_include_ids":"","_relevanssi_related_exclude_ids":"","_relevanssi_related_no_append":"","_relevanssi_related_not_related":"","_relevanssi_related_posts":"","_relevanssi_noindex_reason":"","inline_featured_image":false,"footnotes":""},"class_list":["post-88639","page","type-page","status-publish","hentry"],"acf":[],"yoast_head":"<!-- This site is optimized with the Yoast SEO plugin v27.2 - https:\/\/yoast.com\/product\/yoast-seo-wordpress\/ -->\n<title>Human Risk Management &amp; Security Awareness | MetaCompliance<\/title>\n<meta name=\"description\" content=\"Riduci il rischio informatico umano con una piattaforma all-in-one per la consapevolezza della sicurezza, la conformit\u00e0, le policy e l&#039;analisi dei rischi. Flussi di lavoro automatizzati su scala. Prenota una demo.\" \/>\n<meta name=\"robots\" content=\"index, follow, max-snippet:-1, max-image-preview:large, max-video-preview:-1\" \/>\n<link rel=\"canonical\" href=\"https:\/\/www.metacompliance.com\/it\" \/>\n<meta property=\"og:locale\" content=\"it_IT\" \/>\n<meta property=\"og:type\" content=\"article\" \/>\n<meta property=\"og:title\" content=\"Human Risk Management &amp; Security Awareness | MetaCompliance\" \/>\n<meta property=\"og:description\" content=\"Riduci il rischio informatico umano con una piattaforma all-in-one per la consapevolezza della sicurezza, la conformit\u00e0, le policy e l&#039;analisi dei rischi. Flussi di lavoro automatizzati su scala. Prenota una demo.\" \/>\n<meta property=\"og:url\" content=\"https:\/\/www.metacompliance.com\/it\" \/>\n<meta property=\"og:site_name\" content=\"MetaCompliance\" \/>\n<meta property=\"article:modified_time\" content=\"2026-02-26T09:48:23+00:00\" \/>\n<meta name=\"twitter:card\" content=\"summary_large_image\" \/>\n<meta name=\"twitter:label1\" content=\"Est. reading time\" \/>\n\t<meta name=\"twitter:data1\" content=\"7 minuto\" \/>\n<script type=\"application\/ld+json\" class=\"yoast-schema-graph\">{\"@context\":\"https:\/\/schema.org\",\"@graph\":[{\"@type\":\"WebPage\",\"@id\":\"https:\/\/www.metacompliance.com\/it\",\"url\":\"https:\/\/www.metacompliance.com\/it\",\"name\":\"Human Risk Management & Security Awareness | MetaCompliance\",\"isPartOf\":{\"@id\":\"https:\/\/www.metacompliance.com\/it#website\"},\"datePublished\":\"2025-05-15T04:57:29+00:00\",\"dateModified\":\"2026-02-26T09:48:23+00:00\",\"description\":\"Riduci il rischio informatico umano con una piattaforma all-in-one per la consapevolezza della sicurezza, la conformit\u00e0, le policy e l'analisi dei rischi. Flussi di lavoro automatizzati su scala. Prenota una demo.\",\"breadcrumb\":{\"@id\":\"https:\/\/www.metacompliance.com\/it#breadcrumb\"},\"inLanguage\":\"it-IT\",\"potentialAction\":[{\"@type\":\"ReadAction\",\"target\":[\"https:\/\/www.metacompliance.com\/it\"]}]},{\"@type\":\"BreadcrumbList\",\"@id\":\"https:\/\/www.metacompliance.com\/it#breadcrumb\",\"itemListElement\":[{\"@type\":\"ListItem\",\"position\":1,\"name\":\"Casa\",\"item\":\"https:\/\/www.metacompliance.com\/it\"},{\"@type\":\"ListItem\",\"position\":2,\"name\":\"Homepage\"}]},{\"@type\":\"WebSite\",\"@id\":\"https:\/\/www.metacompliance.com\/it#website\",\"url\":\"https:\/\/www.metacompliance.com\/it\",\"name\":\"MetaCompliance\",\"description\":\"\",\"potentialAction\":[{\"@type\":\"SearchAction\",\"target\":{\"@type\":\"EntryPoint\",\"urlTemplate\":\"https:\/\/www.metacompliance.com\/it?s={search_term_string}\"},\"query-input\":{\"@type\":\"PropertyValueSpecification\",\"valueRequired\":true,\"valueName\":\"search_term_string\"}}],\"inLanguage\":\"it-IT\"}]}<\/script>\n<!-- \/ Yoast SEO plugin. -->","yoast_head_json":{"title":"Human Risk Management & Security Awareness | MetaCompliance","description":"Riduci il rischio informatico umano con una piattaforma all-in-one per la consapevolezza della sicurezza, la conformit\u00e0, le policy e l'analisi dei rischi. Flussi di lavoro automatizzati su scala. Prenota una demo.","robots":{"index":"index","follow":"follow","max-snippet":"max-snippet:-1","max-image-preview":"max-image-preview:large","max-video-preview":"max-video-preview:-1"},"canonical":"https:\/\/www.metacompliance.com\/it","og_locale":"it_IT","og_type":"article","og_title":"Human Risk Management & Security Awareness | MetaCompliance","og_description":"Riduci il rischio informatico umano con una piattaforma all-in-one per la consapevolezza della sicurezza, la conformit\u00e0, le policy e l'analisi dei rischi. Flussi di lavoro automatizzati su scala. Prenota una demo.","og_url":"https:\/\/www.metacompliance.com\/it","og_site_name":"MetaCompliance","article_modified_time":"2026-02-26T09:48:23+00:00","twitter_card":"summary_large_image","twitter_misc":{"Est. reading time":"7 minuto"},"schema":{"@context":"https:\/\/schema.org","@graph":[{"@type":"WebPage","@id":"https:\/\/www.metacompliance.com\/it","url":"https:\/\/www.metacompliance.com\/it","name":"Human Risk Management & Security Awareness | MetaCompliance","isPartOf":{"@id":"https:\/\/www.metacompliance.com\/it#website"},"datePublished":"2025-05-15T04:57:29+00:00","dateModified":"2026-02-26T09:48:23+00:00","description":"Riduci il rischio informatico umano con una piattaforma all-in-one per la consapevolezza della sicurezza, la conformit\u00e0, le policy e l'analisi dei rischi. Flussi di lavoro automatizzati su scala. Prenota una demo.","breadcrumb":{"@id":"https:\/\/www.metacompliance.com\/it#breadcrumb"},"inLanguage":"it-IT","potentialAction":[{"@type":"ReadAction","target":["https:\/\/www.metacompliance.com\/it"]}]},{"@type":"BreadcrumbList","@id":"https:\/\/www.metacompliance.com\/it#breadcrumb","itemListElement":[{"@type":"ListItem","position":1,"name":"Casa","item":"https:\/\/www.metacompliance.com\/it"},{"@type":"ListItem","position":2,"name":"Homepage"}]},{"@type":"WebSite","@id":"https:\/\/www.metacompliance.com\/it#website","url":"https:\/\/www.metacompliance.com\/it","name":"MetaCompliance","description":"","potentialAction":[{"@type":"SearchAction","target":{"@type":"EntryPoint","urlTemplate":"https:\/\/www.metacompliance.com\/it?s={search_term_string}"},"query-input":{"@type":"PropertyValueSpecification","valueRequired":true,"valueName":"search_term_string"}}],"inLanguage":"it-IT"}]}},"_links":{"self":[{"href":"https:\/\/www.metacompliance.com\/it\/wp-json\/wp\/v2\/pages\/88639","targetHints":{"allow":["GET"]}}],"collection":[{"href":"https:\/\/www.metacompliance.com\/it\/wp-json\/wp\/v2\/pages"}],"about":[{"href":"https:\/\/www.metacompliance.com\/it\/wp-json\/wp\/v2\/types\/page"}],"author":[{"embeddable":true,"href":"https:\/\/www.metacompliance.com\/it\/wp-json\/wp\/v2\/users\/1"}],"replies":[{"embeddable":true,"href":"https:\/\/www.metacompliance.com\/it\/wp-json\/wp\/v2\/comments?post=88639"}],"version-history":[{"count":0,"href":"https:\/\/www.metacompliance.com\/it\/wp-json\/wp\/v2\/pages\/88639\/revisions"}],"wp:attachment":[{"href":"https:\/\/www.metacompliance.com\/it\/wp-json\/wp\/v2\/media?parent=88639"}],"curies":[{"name":"wp","href":"https:\/\/api.w.org\/{rel}","templated":true}]}}