{"id":89241,"date":"2025-05-15T05:57:29","date_gmt":"2025-05-15T04:57:29","guid":{"rendered":"https:\/\/metacomp.wpenginepowered.com\/sample-page\/"},"modified":"2026-02-26T09:48:23","modified_gmt":"2026-02-26T09:48:23","slug":"pagina-inicial","status":"publish","type":"page","link":"https:\/\/www.metacompliance.com\/pt","title":{"rendered":"P\u00e1gina inicial"},"content":{"rendered":"&#13;\n<p>Esta \u00e9 uma p\u00e1gina de exemplo. \u00c9 diferente de um post de blogue porque ficar\u00e1 num s\u00f3 lugar e aparecer\u00e1 na navega\u00e7\u00e3o do seu site (na maioria dos temas). A maioria das pessoas come\u00e7a com uma p\u00e1gina Sobre, que as apresenta aos potenciais visitantes do s\u00edtio. Pode dizer algo como isto:   <\/p>&#13;\n&#13;\n<blockquote class=\"wp-block-quote is-layout-flow wp-block-quote-is-layout-flow\">&#13;\n<p>Ol\u00e1! Sou um mensageiro de bicicleta durante o dia, aspirante a ator \u00e0 noite, e este \u00e9 o meu site. Vivo em Los Angeles, tenho um c\u00e3o fant\u00e1stico chamado Jack e gosto de pi\u00f1a coladas. (E de ser apanhado pela chuva.)   <\/p>&#13;\n<\/blockquote>&#13;\n&#13;\n<p>&#8230;ou algo do g\u00e9nero:<\/p>&#13;\n&#13;\n<blockquote class=\"wp-block-quote is-layout-flow wp-block-quote-is-layout-flow\">&#13;\n<p>A XYZ Doohickey Company foi fundada em 1971 e tem vindo a fornecer doohickeys de qualidade ao p\u00fablico desde ent\u00e3o. Localizada em Gotham City, a XYZ emprega mais de 2.000 pessoas e faz todo o tipo de coisas espectaculares para a comunidade de Gotham. <\/p>&#13;\n<\/blockquote>&#13;\n&#13;\n<p>Como novo utilizador do WordPress, deve ir ao <a href=\"https:\/\/www.metacompliance.com\/wp-admin\/\">seu painel de controlo<\/a> para eliminar esta p\u00e1gina e criar novas p\u00e1ginas para o seu conte\u00fado. Divirta-se! <\/p>&#13;\n","protected":false},"excerpt":{"rendered":"<p>&#13; Esta \u00e9 uma p\u00e1gina de exemplo. \u00c9 diferente de um post de blogue porque ficar\u00e1 num s\u00f3 lugar e aparecer\u00e1 na navega\u00e7\u00e3o do seu site (na maioria dos temas). &hellip; <a href=\"https:\/\/www.metacompliance.com\/pt\">Continua<\/a><\/p>\n","protected":false},"author":1,"featured_media":0,"parent":0,"menu_order":0,"comment_status":"closed","ping_status":"closed","template":"front-page.php","meta":{"_acf_changed":false,"content-type":"","_relevanssi_hide_post":"","_relevanssi_hide_content":"","_relevanssi_pin_for_all":"","_relevanssi_pin_keywords":"","_relevanssi_unpin_keywords":"","_relevanssi_related_keywords":"","_relevanssi_related_include_ids":"","_relevanssi_related_exclude_ids":"","_relevanssi_related_no_append":"","_relevanssi_related_not_related":"","_relevanssi_related_posts":"","_relevanssi_noindex_reason":"","inline_featured_image":false,"footnotes":""},"class_list":["post-89241","page","type-page","status-publish","hentry"],"acf":[],"yoast_head":"<!-- This site is optimized with the Yoast SEO plugin v27.2 - https:\/\/yoast.com\/product\/yoast-seo-wordpress\/ -->\n<title>Human Risk Management &amp; Conscientiza\u00e7\u00e3o em Ciberseguran\u00e7a<\/title>\n<meta name=\"description\" content=\"Reduz o risco cibern\u00e9tico humano com uma plataforma tudo-em-um para conscientiza\u00e7\u00e3o de seguran\u00e7a, conformidade, pol\u00edtica e an\u00e1lise de risco. Fluxos de trabalho automatizados em escala. Marca uma demonstra\u00e7\u00e3o.\" \/>\n<meta name=\"robots\" content=\"index, follow, max-snippet:-1, max-image-preview:large, max-video-preview:-1\" \/>\n<link rel=\"canonical\" href=\"https:\/\/www.metacompliance.com\/pt\" \/>\n<meta property=\"og:locale\" content=\"pt_PT\" \/>\n<meta property=\"og:type\" content=\"article\" \/>\n<meta property=\"og:title\" content=\"Human Risk Management &amp; Conscientiza\u00e7\u00e3o em Ciberseguran\u00e7a\" \/>\n<meta property=\"og:description\" content=\"Reduz o risco cibern\u00e9tico humano com uma plataforma tudo-em-um para conscientiza\u00e7\u00e3o de seguran\u00e7a, conformidade, pol\u00edtica e an\u00e1lise de risco. Fluxos de trabalho automatizados em escala. Marca uma demonstra\u00e7\u00e3o.\" \/>\n<meta property=\"og:url\" content=\"https:\/\/www.metacompliance.com\/pt\" \/>\n<meta property=\"og:site_name\" content=\"MetaCompliance\" \/>\n<meta property=\"article:modified_time\" content=\"2026-02-26T09:48:23+00:00\" \/>\n<meta name=\"twitter:card\" content=\"summary_large_image\" \/>\n<meta name=\"twitter:label1\" content=\"Est. reading time\" \/>\n\t<meta name=\"twitter:data1\" content=\"10 minuto\" \/>\n<script type=\"application\/ld+json\" class=\"yoast-schema-graph\">{\"@context\":\"https:\/\/schema.org\",\"@graph\":[{\"@type\":\"WebPage\",\"@id\":\"https:\/\/www.metacompliance.com\/pt\",\"url\":\"https:\/\/www.metacompliance.com\/pt\",\"name\":\"Human Risk Management & Conscientiza\u00e7\u00e3o em Ciberseguran\u00e7a\",\"isPartOf\":{\"@id\":\"https:\/\/www.metacompliance.com\/pt#website\"},\"datePublished\":\"2025-05-15T04:57:29+00:00\",\"dateModified\":\"2026-02-26T09:48:23+00:00\",\"description\":\"Reduz o risco cibern\u00e9tico humano com uma plataforma tudo-em-um para conscientiza\u00e7\u00e3o de seguran\u00e7a, conformidade, pol\u00edtica e an\u00e1lise de risco. Fluxos de trabalho automatizados em escala. Marca uma demonstra\u00e7\u00e3o.\",\"breadcrumb\":{\"@id\":\"https:\/\/www.metacompliance.com\/pt#breadcrumb\"},\"inLanguage\":\"pt-PT\",\"potentialAction\":[{\"@type\":\"ReadAction\",\"target\":[\"https:\/\/www.metacompliance.com\/pt\"]}]},{\"@type\":\"BreadcrumbList\",\"@id\":\"https:\/\/www.metacompliance.com\/pt#breadcrumb\",\"itemListElement\":[{\"@type\":\"ListItem\",\"position\":1,\"name\":\"Casa\",\"item\":\"https:\/\/www.metacompliance.com\/pt\"},{\"@type\":\"ListItem\",\"position\":2,\"name\":\"P\u00e1gina inicial\"}]},{\"@type\":\"WebSite\",\"@id\":\"https:\/\/www.metacompliance.com\/pt#website\",\"url\":\"https:\/\/www.metacompliance.com\/pt\",\"name\":\"MetaCompliance\",\"description\":\"\",\"potentialAction\":[{\"@type\":\"SearchAction\",\"target\":{\"@type\":\"EntryPoint\",\"urlTemplate\":\"https:\/\/www.metacompliance.com\/pt?s={search_term_string}\"},\"query-input\":{\"@type\":\"PropertyValueSpecification\",\"valueRequired\":true,\"valueName\":\"search_term_string\"}}],\"inLanguage\":\"pt-PT\"}]}<\/script>\n<!-- \/ Yoast SEO plugin. -->","yoast_head_json":{"title":"Human Risk Management & Conscientiza\u00e7\u00e3o em Ciberseguran\u00e7a","description":"Reduz o risco cibern\u00e9tico humano com uma plataforma tudo-em-um para conscientiza\u00e7\u00e3o de seguran\u00e7a, conformidade, pol\u00edtica e an\u00e1lise de risco. Fluxos de trabalho automatizados em escala. Marca uma demonstra\u00e7\u00e3o.","robots":{"index":"index","follow":"follow","max-snippet":"max-snippet:-1","max-image-preview":"max-image-preview:large","max-video-preview":"max-video-preview:-1"},"canonical":"https:\/\/www.metacompliance.com\/pt","og_locale":"pt_PT","og_type":"article","og_title":"Human Risk Management & Conscientiza\u00e7\u00e3o em Ciberseguran\u00e7a","og_description":"Reduz o risco cibern\u00e9tico humano com uma plataforma tudo-em-um para conscientiza\u00e7\u00e3o de seguran\u00e7a, conformidade, pol\u00edtica e an\u00e1lise de risco. Fluxos de trabalho automatizados em escala. Marca uma demonstra\u00e7\u00e3o.","og_url":"https:\/\/www.metacompliance.com\/pt","og_site_name":"MetaCompliance","article_modified_time":"2026-02-26T09:48:23+00:00","twitter_card":"summary_large_image","twitter_misc":{"Est. reading time":"10 minuto"},"schema":{"@context":"https:\/\/schema.org","@graph":[{"@type":"WebPage","@id":"https:\/\/www.metacompliance.com\/pt","url":"https:\/\/www.metacompliance.com\/pt","name":"Human Risk Management & Conscientiza\u00e7\u00e3o em Ciberseguran\u00e7a","isPartOf":{"@id":"https:\/\/www.metacompliance.com\/pt#website"},"datePublished":"2025-05-15T04:57:29+00:00","dateModified":"2026-02-26T09:48:23+00:00","description":"Reduz o risco cibern\u00e9tico humano com uma plataforma tudo-em-um para conscientiza\u00e7\u00e3o de seguran\u00e7a, conformidade, pol\u00edtica e an\u00e1lise de risco. Fluxos de trabalho automatizados em escala. Marca uma demonstra\u00e7\u00e3o.","breadcrumb":{"@id":"https:\/\/www.metacompliance.com\/pt#breadcrumb"},"inLanguage":"pt-PT","potentialAction":[{"@type":"ReadAction","target":["https:\/\/www.metacompliance.com\/pt"]}]},{"@type":"BreadcrumbList","@id":"https:\/\/www.metacompliance.com\/pt#breadcrumb","itemListElement":[{"@type":"ListItem","position":1,"name":"Casa","item":"https:\/\/www.metacompliance.com\/pt"},{"@type":"ListItem","position":2,"name":"P\u00e1gina inicial"}]},{"@type":"WebSite","@id":"https:\/\/www.metacompliance.com\/pt#website","url":"https:\/\/www.metacompliance.com\/pt","name":"MetaCompliance","description":"","potentialAction":[{"@type":"SearchAction","target":{"@type":"EntryPoint","urlTemplate":"https:\/\/www.metacompliance.com\/pt?s={search_term_string}"},"query-input":{"@type":"PropertyValueSpecification","valueRequired":true,"valueName":"search_term_string"}}],"inLanguage":"pt-PT"}]}},"_links":{"self":[{"href":"https:\/\/www.metacompliance.com\/pt\/wp-json\/wp\/v2\/pages\/89241","targetHints":{"allow":["GET"]}}],"collection":[{"href":"https:\/\/www.metacompliance.com\/pt\/wp-json\/wp\/v2\/pages"}],"about":[{"href":"https:\/\/www.metacompliance.com\/pt\/wp-json\/wp\/v2\/types\/page"}],"author":[{"embeddable":true,"href":"https:\/\/www.metacompliance.com\/pt\/wp-json\/wp\/v2\/users\/1"}],"replies":[{"embeddable":true,"href":"https:\/\/www.metacompliance.com\/pt\/wp-json\/wp\/v2\/comments?post=89241"}],"version-history":[{"count":0,"href":"https:\/\/www.metacompliance.com\/pt\/wp-json\/wp\/v2\/pages\/89241\/revisions"}],"wp:attachment":[{"href":"https:\/\/www.metacompliance.com\/pt\/wp-json\/wp\/v2\/media?parent=89241"}],"curies":[{"name":"wp","href":"https:\/\/api.w.org\/{rel}","templated":true}]}}