{"id":89309,"date":"2025-06-11T09:09:48","date_gmt":"2025-06-11T08:09:48","guid":{"rendered":"https:\/\/metacomp.wpenginepowered.com\/posters\/"},"modified":"2025-09-30T15:16:34","modified_gmt":"2025-09-30T14:16:34","slug":"cartaz-ciberseguranca","status":"publish","type":"page","link":"https:\/\/www.metacompliance.com\/pt\/cartaz-ciberseguranca","title":{"rendered":"Cartazes"},"content":{"rendered":"","protected":false},"excerpt":{"rendered":"","protected":false},"author":1,"featured_media":0,"parent":0,"menu_order":0,"comment_status":"closed","ping_status":"closed","template":"template-posters.php","meta":{"_acf_changed":false,"content-type":"","_relevanssi_hide_post":"","_relevanssi_hide_content":"","_relevanssi_pin_for_all":"","_relevanssi_pin_keywords":"","_relevanssi_unpin_keywords":"","_relevanssi_related_keywords":"","_relevanssi_related_include_ids":"","_relevanssi_related_exclude_ids":"","_relevanssi_related_no_append":"","_relevanssi_related_not_related":"","_relevanssi_related_posts":"","_relevanssi_noindex_reason":"","inline_featured_image":false,"footnotes":""},"class_list":["post-89309","page","type-page","status-publish","hentry"],"acf":[],"yoast_head":"<!-- This site is optimized with the Yoast SEO plugin v27.2 - https:\/\/yoast.com\/product\/yoast-seo-wordpress\/ -->\n<title>Cartaz gratuito sobre phishing e ciberseguran\u00e7a | MetaCompliance<\/title>\n<meta name=\"description\" content=\"Protege o teu local de trabalho com o MetaCompliance! Descarrega gratuitamente um Poster de Phishing ou de Ciberseguran\u00e7a para refor\u00e7ar as defesas dos teus empregados contra as amea\u00e7as cibern\u00e9ticas.\" \/>\n<meta name=\"robots\" content=\"index, follow, max-snippet:-1, max-image-preview:large, max-video-preview:-1\" \/>\n<link rel=\"canonical\" href=\"https:\/\/www.metacompliance.com\/pt\/cartaz-ciberseguranca\" \/>\n<meta property=\"og:locale\" content=\"pt_PT\" \/>\n<meta property=\"og:type\" content=\"article\" \/>\n<meta property=\"og:title\" content=\"Cartaz gratuito sobre phishing e ciberseguran\u00e7a | MetaCompliance\" \/>\n<meta property=\"og:description\" content=\"Protege o teu local de trabalho com o MetaCompliance! Descarrega gratuitamente um Poster de Phishing ou de Ciberseguran\u00e7a para refor\u00e7ar as defesas dos teus empregados contra as amea\u00e7as cibern\u00e9ticas.\" \/>\n<meta property=\"og:url\" content=\"https:\/\/www.metacompliance.com\/pt\/cartaz-ciberseguranca\" \/>\n<meta property=\"og:site_name\" content=\"MetaCompliance\" \/>\n<meta property=\"article:modified_time\" content=\"2025-09-30T14:16:34+00:00\" \/>\n<meta name=\"twitter:card\" content=\"summary_large_image\" \/>\n<script type=\"application\/ld+json\" class=\"yoast-schema-graph\">{\"@context\":\"https:\/\/schema.org\",\"@graph\":[{\"@type\":\"WebPage\",\"@id\":\"https:\/\/www.metacompliance.com\/pt\/cartaz-ciberseguranca\",\"url\":\"https:\/\/www.metacompliance.com\/pt\/cartaz-ciberseguranca\",\"name\":\"Cartaz gratuito sobre phishing e ciberseguran\u00e7a | MetaCompliance\",\"isPartOf\":{\"@id\":\"https:\/\/www.metacompliance.com\/pt#website\"},\"datePublished\":\"2025-06-11T08:09:48+00:00\",\"dateModified\":\"2025-09-30T14:16:34+00:00\",\"description\":\"Protege o teu local de trabalho com o MetaCompliance! Descarrega gratuitamente um Poster de Phishing ou de Ciberseguran\u00e7a para refor\u00e7ar as defesas dos teus empregados contra as amea\u00e7as cibern\u00e9ticas.\",\"breadcrumb\":{\"@id\":\"https:\/\/www.metacompliance.com\/pt\/cartaz-ciberseguranca#breadcrumb\"},\"inLanguage\":\"pt-PT\",\"potentialAction\":[{\"@type\":\"ReadAction\",\"target\":[\"https:\/\/www.metacompliance.com\/pt\/cartaz-ciberseguranca\"]}]},{\"@type\":\"BreadcrumbList\",\"@id\":\"https:\/\/www.metacompliance.com\/pt\/cartaz-ciberseguranca#breadcrumb\",\"itemListElement\":[{\"@type\":\"ListItem\",\"position\":1,\"name\":\"Casa\",\"item\":\"https:\/\/www.metacompliance.com\/pt\"},{\"@type\":\"ListItem\",\"position\":2,\"name\":\"Cartazes\"}]},{\"@type\":\"WebSite\",\"@id\":\"https:\/\/www.metacompliance.com\/pt#website\",\"url\":\"https:\/\/www.metacompliance.com\/pt\",\"name\":\"MetaCompliance\",\"description\":\"\",\"potentialAction\":[{\"@type\":\"SearchAction\",\"target\":{\"@type\":\"EntryPoint\",\"urlTemplate\":\"https:\/\/www.metacompliance.com\/pt?s={search_term_string}\"},\"query-input\":{\"@type\":\"PropertyValueSpecification\",\"valueRequired\":true,\"valueName\":\"search_term_string\"}}],\"inLanguage\":\"pt-PT\"}]}<\/script>\n<!-- \/ Yoast SEO plugin. -->","yoast_head_json":{"title":"Cartaz gratuito sobre phishing e ciberseguran\u00e7a | MetaCompliance","description":"Protege o teu local de trabalho com o MetaCompliance! Descarrega gratuitamente um Poster de Phishing ou de Ciberseguran\u00e7a para refor\u00e7ar as defesas dos teus empregados contra as amea\u00e7as cibern\u00e9ticas.","robots":{"index":"index","follow":"follow","max-snippet":"max-snippet:-1","max-image-preview":"max-image-preview:large","max-video-preview":"max-video-preview:-1"},"canonical":"https:\/\/www.metacompliance.com\/pt\/cartaz-ciberseguranca","og_locale":"pt_PT","og_type":"article","og_title":"Cartaz gratuito sobre phishing e ciberseguran\u00e7a | MetaCompliance","og_description":"Protege o teu local de trabalho com o MetaCompliance! Descarrega gratuitamente um Poster de Phishing ou de Ciberseguran\u00e7a para refor\u00e7ar as defesas dos teus empregados contra as amea\u00e7as cibern\u00e9ticas.","og_url":"https:\/\/www.metacompliance.com\/pt\/cartaz-ciberseguranca","og_site_name":"MetaCompliance","article_modified_time":"2025-09-30T14:16:34+00:00","twitter_card":"summary_large_image","schema":{"@context":"https:\/\/schema.org","@graph":[{"@type":"WebPage","@id":"https:\/\/www.metacompliance.com\/pt\/cartaz-ciberseguranca","url":"https:\/\/www.metacompliance.com\/pt\/cartaz-ciberseguranca","name":"Cartaz gratuito sobre phishing e ciberseguran\u00e7a | MetaCompliance","isPartOf":{"@id":"https:\/\/www.metacompliance.com\/pt#website"},"datePublished":"2025-06-11T08:09:48+00:00","dateModified":"2025-09-30T14:16:34+00:00","description":"Protege o teu local de trabalho com o MetaCompliance! Descarrega gratuitamente um Poster de Phishing ou de Ciberseguran\u00e7a para refor\u00e7ar as defesas dos teus empregados contra as amea\u00e7as cibern\u00e9ticas.","breadcrumb":{"@id":"https:\/\/www.metacompliance.com\/pt\/cartaz-ciberseguranca#breadcrumb"},"inLanguage":"pt-PT","potentialAction":[{"@type":"ReadAction","target":["https:\/\/www.metacompliance.com\/pt\/cartaz-ciberseguranca"]}]},{"@type":"BreadcrumbList","@id":"https:\/\/www.metacompliance.com\/pt\/cartaz-ciberseguranca#breadcrumb","itemListElement":[{"@type":"ListItem","position":1,"name":"Casa","item":"https:\/\/www.metacompliance.com\/pt"},{"@type":"ListItem","position":2,"name":"Cartazes"}]},{"@type":"WebSite","@id":"https:\/\/www.metacompliance.com\/pt#website","url":"https:\/\/www.metacompliance.com\/pt","name":"MetaCompliance","description":"","potentialAction":[{"@type":"SearchAction","target":{"@type":"EntryPoint","urlTemplate":"https:\/\/www.metacompliance.com\/pt?s={search_term_string}"},"query-input":{"@type":"PropertyValueSpecification","valueRequired":true,"valueName":"search_term_string"}}],"inLanguage":"pt-PT"}]}},"_links":{"self":[{"href":"https:\/\/www.metacompliance.com\/pt\/wp-json\/wp\/v2\/pages\/89309","targetHints":{"allow":["GET"]}}],"collection":[{"href":"https:\/\/www.metacompliance.com\/pt\/wp-json\/wp\/v2\/pages"}],"about":[{"href":"https:\/\/www.metacompliance.com\/pt\/wp-json\/wp\/v2\/types\/page"}],"author":[{"embeddable":true,"href":"https:\/\/www.metacompliance.com\/pt\/wp-json\/wp\/v2\/users\/1"}],"replies":[{"embeddable":true,"href":"https:\/\/www.metacompliance.com\/pt\/wp-json\/wp\/v2\/comments?post=89309"}],"version-history":[{"count":0,"href":"https:\/\/www.metacompliance.com\/pt\/wp-json\/wp\/v2\/pages\/89309\/revisions"}],"wp:attachment":[{"href":"https:\/\/www.metacompliance.com\/pt\/wp-json\/wp\/v2\/media?parent=89309"}],"curies":[{"name":"wp","href":"https:\/\/api.w.org\/{rel}","templated":true}]}}