{"id":89513,"date":"2025-06-16T12:59:25","date_gmt":"2025-06-16T11:59:25","guid":{"rendered":"https:\/\/metacomp.wpenginepowered.com\/security-awareness-training\/enterprises\/"},"modified":"2026-02-26T10:35:07","modified_gmt":"2026-02-26T10:35:07","slug":"empresas","status":"publish","type":"page","link":"https:\/\/www.metacompliance.com\/pt\/plataforma-human-risk-management-gestao-riscos-humanos\/empresas","title":{"rendered":"Empresas"},"content":{"rendered":"","protected":false},"excerpt":{"rendered":"","protected":false},"author":3,"featured_media":0,"parent":103805,"menu_order":0,"comment_status":"closed","ping_status":"closed","template":"","meta":{"_acf_changed":false,"content-type":"","_relevanssi_hide_post":"","_relevanssi_hide_content":"","_relevanssi_pin_for_all":"","_relevanssi_pin_keywords":"","_relevanssi_unpin_keywords":"","_relevanssi_related_keywords":"","_relevanssi_related_include_ids":"","_relevanssi_related_exclude_ids":"","_relevanssi_related_no_append":"","_relevanssi_related_not_related":"","_relevanssi_related_posts":"","_relevanssi_noindex_reason":"","inline_featured_image":false,"footnotes":""},"class_list":["post-89513","page","type-page","status-publish","hentry"],"acf":[],"yoast_head":"<!-- This site is optimized with the Yoast SEO plugin v27.2 - https:\/\/yoast.com\/product\/yoast-seo-wordpress\/ -->\n<title>Sensibiliza\u00e7\u00e3o para a Seguran\u00e7a Empresarial e Forma\u00e7\u00e3o Cibern\u00e9tica | MetaCompliance<\/title>\n<meta name=\"description\" content=\"Plataforma de consciencializa\u00e7\u00e3o de seguran\u00e7a empresarial tudo-em-um com automa\u00e7\u00e3o, conformidade, pol\u00edtica e an\u00e1lise de risco para reduzir o risco do comportamento humano \u00e0 escala. Marca uma demonstra\u00e7\u00e3o.\" \/>\n<meta name=\"robots\" content=\"index, follow, max-snippet:-1, max-image-preview:large, max-video-preview:-1\" \/>\n<link rel=\"canonical\" href=\"https:\/\/www.metacompliance.com\/pt\/plataforma-human-risk-management-gestao-riscos-humanos\/empresas\" \/>\n<meta property=\"og:locale\" content=\"pt_PT\" \/>\n<meta property=\"og:type\" content=\"article\" \/>\n<meta property=\"og:title\" content=\"Sensibiliza\u00e7\u00e3o para a Seguran\u00e7a Empresarial e Forma\u00e7\u00e3o Cibern\u00e9tica | MetaCompliance\" \/>\n<meta property=\"og:description\" content=\"Plataforma de consciencializa\u00e7\u00e3o de seguran\u00e7a empresarial tudo-em-um com automa\u00e7\u00e3o, conformidade, pol\u00edtica e an\u00e1lise de risco para reduzir o risco do comportamento humano \u00e0 escala. Marca uma demonstra\u00e7\u00e3o.\" \/>\n<meta property=\"og:url\" content=\"https:\/\/www.metacompliance.com\/pt\/plataforma-human-risk-management-gestao-riscos-humanos\/empresas\" \/>\n<meta property=\"og:site_name\" content=\"MetaCompliance\" \/>\n<meta property=\"article:modified_time\" content=\"2026-02-26T10:35:07+00:00\" \/>\n<meta name=\"twitter:card\" content=\"summary_large_image\" \/>\n<script type=\"application\/ld+json\" class=\"yoast-schema-graph\">{\"@context\":\"https:\/\/schema.org\",\"@graph\":[{\"@type\":\"WebPage\",\"@id\":\"https:\/\/www.metacompliance.com\/pt\/plataforma-human-risk-management-gestao-riscos-humanos\/empresas\",\"url\":\"https:\/\/www.metacompliance.com\/pt\/plataforma-human-risk-management-gestao-riscos-humanos\/empresas\",\"name\":\"Sensibiliza\u00e7\u00e3o para a Seguran\u00e7a Empresarial e Forma\u00e7\u00e3o Cibern\u00e9tica | MetaCompliance\",\"isPartOf\":{\"@id\":\"https:\/\/www.metacompliance.com\/pt#website\"},\"datePublished\":\"2025-06-16T11:59:25+00:00\",\"dateModified\":\"2026-02-26T10:35:07+00:00\",\"description\":\"Plataforma de consciencializa\u00e7\u00e3o de seguran\u00e7a empresarial tudo-em-um com automa\u00e7\u00e3o, conformidade, pol\u00edtica e an\u00e1lise de risco para reduzir o risco do comportamento humano \u00e0 escala. Marca uma demonstra\u00e7\u00e3o.\",\"breadcrumb\":{\"@id\":\"https:\/\/www.metacompliance.com\/pt\/plataforma-human-risk-management-gestao-riscos-humanos\/empresas#breadcrumb\"},\"inLanguage\":\"pt-PT\",\"potentialAction\":[{\"@type\":\"ReadAction\",\"target\":[\"https:\/\/www.metacompliance.com\/pt\/plataforma-human-risk-management-gestao-riscos-humanos\/empresas\"]}]},{\"@type\":\"BreadcrumbList\",\"@id\":\"https:\/\/www.metacompliance.com\/pt\/plataforma-human-risk-management-gestao-riscos-humanos\/empresas#breadcrumb\",\"itemListElement\":[{\"@type\":\"ListItem\",\"position\":1,\"name\":\"Casa\",\"item\":\"https:\/\/www.metacompliance.com\/pt\"},{\"@type\":\"ListItem\",\"position\":2,\"name\":\"Plataforma de Human Risk Management\",\"item\":\"https:\/\/www.metacompliance.com\/pt\/plataforma-human-risk-management-gestao-riscos-humanos\"},{\"@type\":\"ListItem\",\"position\":3,\"name\":\"Empresas\"}]},{\"@type\":\"WebSite\",\"@id\":\"https:\/\/www.metacompliance.com\/pt#website\",\"url\":\"https:\/\/www.metacompliance.com\/pt\",\"name\":\"MetaCompliance\",\"description\":\"\",\"potentialAction\":[{\"@type\":\"SearchAction\",\"target\":{\"@type\":\"EntryPoint\",\"urlTemplate\":\"https:\/\/www.metacompliance.com\/pt?s={search_term_string}\"},\"query-input\":{\"@type\":\"PropertyValueSpecification\",\"valueRequired\":true,\"valueName\":\"search_term_string\"}}],\"inLanguage\":\"pt-PT\"}]}<\/script>\n<!-- \/ Yoast SEO plugin. -->","yoast_head_json":{"title":"Sensibiliza\u00e7\u00e3o para a Seguran\u00e7a Empresarial e Forma\u00e7\u00e3o Cibern\u00e9tica | MetaCompliance","description":"Plataforma de consciencializa\u00e7\u00e3o de seguran\u00e7a empresarial tudo-em-um com automa\u00e7\u00e3o, conformidade, pol\u00edtica e an\u00e1lise de risco para reduzir o risco do comportamento humano \u00e0 escala. Marca uma demonstra\u00e7\u00e3o.","robots":{"index":"index","follow":"follow","max-snippet":"max-snippet:-1","max-image-preview":"max-image-preview:large","max-video-preview":"max-video-preview:-1"},"canonical":"https:\/\/www.metacompliance.com\/pt\/plataforma-human-risk-management-gestao-riscos-humanos\/empresas","og_locale":"pt_PT","og_type":"article","og_title":"Sensibiliza\u00e7\u00e3o para a Seguran\u00e7a Empresarial e Forma\u00e7\u00e3o Cibern\u00e9tica | MetaCompliance","og_description":"Plataforma de consciencializa\u00e7\u00e3o de seguran\u00e7a empresarial tudo-em-um com automa\u00e7\u00e3o, conformidade, pol\u00edtica e an\u00e1lise de risco para reduzir o risco do comportamento humano \u00e0 escala. Marca uma demonstra\u00e7\u00e3o.","og_url":"https:\/\/www.metacompliance.com\/pt\/plataforma-human-risk-management-gestao-riscos-humanos\/empresas","og_site_name":"MetaCompliance","article_modified_time":"2026-02-26T10:35:07+00:00","twitter_card":"summary_large_image","schema":{"@context":"https:\/\/schema.org","@graph":[{"@type":"WebPage","@id":"https:\/\/www.metacompliance.com\/pt\/plataforma-human-risk-management-gestao-riscos-humanos\/empresas","url":"https:\/\/www.metacompliance.com\/pt\/plataforma-human-risk-management-gestao-riscos-humanos\/empresas","name":"Sensibiliza\u00e7\u00e3o para a Seguran\u00e7a Empresarial e Forma\u00e7\u00e3o Cibern\u00e9tica | MetaCompliance","isPartOf":{"@id":"https:\/\/www.metacompliance.com\/pt#website"},"datePublished":"2025-06-16T11:59:25+00:00","dateModified":"2026-02-26T10:35:07+00:00","description":"Plataforma de consciencializa\u00e7\u00e3o de seguran\u00e7a empresarial tudo-em-um com automa\u00e7\u00e3o, conformidade, pol\u00edtica e an\u00e1lise de risco para reduzir o risco do comportamento humano \u00e0 escala. Marca uma demonstra\u00e7\u00e3o.","breadcrumb":{"@id":"https:\/\/www.metacompliance.com\/pt\/plataforma-human-risk-management-gestao-riscos-humanos\/empresas#breadcrumb"},"inLanguage":"pt-PT","potentialAction":[{"@type":"ReadAction","target":["https:\/\/www.metacompliance.com\/pt\/plataforma-human-risk-management-gestao-riscos-humanos\/empresas"]}]},{"@type":"BreadcrumbList","@id":"https:\/\/www.metacompliance.com\/pt\/plataforma-human-risk-management-gestao-riscos-humanos\/empresas#breadcrumb","itemListElement":[{"@type":"ListItem","position":1,"name":"Casa","item":"https:\/\/www.metacompliance.com\/pt"},{"@type":"ListItem","position":2,"name":"Plataforma de Human Risk Management","item":"https:\/\/www.metacompliance.com\/pt\/plataforma-human-risk-management-gestao-riscos-humanos"},{"@type":"ListItem","position":3,"name":"Empresas"}]},{"@type":"WebSite","@id":"https:\/\/www.metacompliance.com\/pt#website","url":"https:\/\/www.metacompliance.com\/pt","name":"MetaCompliance","description":"","potentialAction":[{"@type":"SearchAction","target":{"@type":"EntryPoint","urlTemplate":"https:\/\/www.metacompliance.com\/pt?s={search_term_string}"},"query-input":{"@type":"PropertyValueSpecification","valueRequired":true,"valueName":"search_term_string"}}],"inLanguage":"pt-PT"}]}},"_links":{"self":[{"href":"https:\/\/www.metacompliance.com\/pt\/wp-json\/wp\/v2\/pages\/89513","targetHints":{"allow":["GET"]}}],"collection":[{"href":"https:\/\/www.metacompliance.com\/pt\/wp-json\/wp\/v2\/pages"}],"about":[{"href":"https:\/\/www.metacompliance.com\/pt\/wp-json\/wp\/v2\/types\/page"}],"author":[{"embeddable":true,"href":"https:\/\/www.metacompliance.com\/pt\/wp-json\/wp\/v2\/users\/3"}],"replies":[{"embeddable":true,"href":"https:\/\/www.metacompliance.com\/pt\/wp-json\/wp\/v2\/comments?post=89513"}],"version-history":[{"count":0,"href":"https:\/\/www.metacompliance.com\/pt\/wp-json\/wp\/v2\/pages\/89513\/revisions"}],"up":[{"embeddable":true,"href":"https:\/\/www.metacompliance.com\/pt\/wp-json\/wp\/v2\/pages\/103805"}],"wp:attachment":[{"href":"https:\/\/www.metacompliance.com\/pt\/wp-json\/wp\/v2\/media?parent=89513"}],"curies":[{"name":"wp","href":"https:\/\/api.w.org\/{rel}","templated":true}]}}